{"id":508226,"date":"2026-05-05T14:13:48","date_gmt":"2026-05-05T12:13:48","guid":{"rendered":"https:\/\/colorido.sklep.pl\/?post_type=product&#038;p=508226"},"modified":"2026-05-05T18:16:39","modified_gmt":"2026-05-05T16:16:39","slug":"wloczka-colorido-1000m-4-nitki-zamsz","status":"publish","type":"product","link":"https:\/\/colorido.sklep.pl\/en\/product\/wloczka-colorido-1000m-4-nitki-zamsz\/","title":{"rendered":"W\u0142\u00f3czka COLORIDO | 1000m | 4 nitki | zamsz"},"content":{"rendered":"<p data-start=\"0\" data-end=\"62\"><strong data-start=\"0\" data-end=\"62\">Colorido \u2013 w\u0142\u00f3czka z bawe\u0142ny regenerowanej o du\u017cym metra\u017cu<\/strong><\/p>\n<p data-start=\"64\" data-end=\"443\">W\u0142\u00f3czka Colorido to propozycja oparta na surowcach wt\u00f3rnych \u2013 w jej sk\u0142adzie znajduje si\u0119 80% bawe\u0142ny regenerowanej oraz 20% w\u0142\u00f3kien syntetycznych, kt\u00f3re stabilizuj\u0105 ni\u0107 i poprawiaj\u0105 jej trwa\u0142o\u015b\u0107. Tego typu prz\u0119dza powstaje z przetworzonych odpad\u00f3w tekstylnych, co pozwala ograniczy\u0107 zu\u017cycie surowc\u00f3w i zmniejszy\u0107 ilo\u015b\u0107 odpad\u00f3w w produkcji.<\/p>\n<section class=\"text-token-text-primary w-full focus:outline-none [--shadow-height:45px] has-data-writing-block:pointer-events-none has-data-writing-block:-mt-(--shadow-height) has-data-writing-block:pt-(--shadow-height) [&amp;:has([data-writing-block])&gt;*]:pointer-events-auto [content-visibility:auto] supports-[content-visibility:auto]:[contain-intrinsic-size:auto_100lvh] R6Vx5W_threadScrollVars scroll-mb-[calc(var(--scroll-root-safe-area-inset-bottom,0px)+var(--thread-response-height))] scroll-mt-[calc(var(--header-height)+min(200px,max(70px,20svh)))]\" dir=\"auto\" data-turn-id=\"request-WEB:47e04221-d8ea-4ce1-9311-bbc1a291642b-15\" data-testid=\"conversation-turn-32\" data-scroll-anchor=\"false\" data-turn=\"assistant\">\n<div class=\"text-base my-auto mx-auto pb-10 [--thread-content-margin:var(--thread-content-margin-xs,calc(var(--spacing)*4))] @w-sm\/main:[--thread-content-margin:var(--thread-content-margin-sm,calc(var(--spacing)*6))] @w-lg\/main:[--thread-content-margin:var(--thread-content-margin-lg,calc(var(--spacing)*16))] px-(--thread-content-margin)\">\n<div class=\"[--thread-content-max-width:40rem] @w-lg\/main:[--thread-content-max-width:48rem] mx-auto max-w-(--thread-content-max-width) flex-1 group\/turn-messages focus-visible:outline-hidden relative flex w-full min-w-0 flex-col agent-turn\">\n<div class=\"flex max-w-full flex-col gap-4 grow\">\n<div class=\"min-h-8 text-message relative flex w-full flex-col items-end gap-2 text-start break-words whitespace-normal outline-none keyboard-focused:focus-ring [.text-message+&amp;]:mt-1\" dir=\"auto\" tabindex=\"0\" data-message-author-role=\"assistant\" data-message-id=\"7d4c677e-3522-41a0-931f-de480b17ea27\" data-turn-start-message=\"true\" data-message-model-slug=\"gpt-5-3\">\n<div class=\"flex w-full flex-col gap-1 empty:hidden\">\n<div class=\"markdown prose dark:prose-invert w-full wrap-break-word dark markdown-new-styling\">\n<p data-start=\"728\" data-end=\"997\">Prz\u0119dza ma naturalny, lekko \u201esuchy\u201d chwyt charakterystyczny dla bawe\u0142ny regenerowanej, a jednocze\u015bnie zachowuje dobr\u0105 wytrzyma\u0142o\u015b\u0107 dzi\u0119ki dodatkowi w\u0142\u00f3kien syntetycznych. Jest to w\u0142\u00f3czka ca\u0142oroczna, szczeg\u00f3lnie dobrze sprawdzaj\u0105ca si\u0119 w projektach lekkich i u\u017cytkowych.<\/p>\n<p data-start=\"999\" data-end=\"1013\"><strong data-start=\"999\" data-end=\"1013\">Parametry:<\/strong><\/p>\n<ul data-start=\"1014\" data-end=\"1118\">\n<li data-section-id=\"1sycorp\" data-start=\"1014\" data-end=\"1073\">sk\u0142ad: 80% bawe\u0142na regenerowana, 20% w\u0142\u00f3kna syntetyczne<\/li>\n<li data-section-id=\"abepjt\" data-start=\"1074\" data-end=\"1093\">d\u0142ugo\u015b\u0107: 1000 m<\/li>\n<li data-section-id=\"nud77i\" data-start=\"1094\" data-end=\"1118\">konstrukcja: 4 nitki<\/li>\n<\/ul>\n<p data-start=\"1120\" data-end=\"1220\"><strong data-start=\"1120\" data-end=\"1137\">Zastosowanie:<\/strong><br data-start=\"1137\" data-end=\"1140\" \/>Chusty, odzie\u017c ca\u0142oroczna, projekty ombre, lekkie dzianiny oraz wyroby u\u017cytkowe.<\/p>\n<\/div>\n<\/div>\n<\/div>\n<\/div>\n<div class=\"z-0 flex min-h-[46px] justify-start\"><\/div>\n<div class=\"mt-3 w-full empty:hidden\">\n<div class=\"text-center\"><\/div>\n<\/div>\n<\/div>\n<\/div>\n<\/section>\n<div class=\"pointer-events-none -mt-px h-px translate-y-[calc(var(--scroll-root-safe-area-inset-bottom)-14*var(--spacing))]\" aria-hidden=\"true\"><\/div>\n","protected":false},"excerpt":{"rendered":"<p>Colorido \u2013 w\u0142\u00f3czka z bawe\u0142ny regenerowanej o du\u017cym metra\u017cu W\u0142\u00f3czka Colorido to propozycja oparta na surowcach wt\u00f3rnych \u2013 w jej sk\u0142adzie znajduje si\u0119 80% bawe\u0142ny regenerowanej oraz 20% w\u0142\u00f3kien syntetycznych, kt\u00f3re stabilizuj\u0105 ni\u0107 i poprawiaj\u0105 jej trwa\u0142o\u015b\u0107. Tego typu prz\u0119dza powstaje z przetworzonych odpad\u00f3w tekstylnych, co pozwala ograniczy\u0107 zu\u017cycie surowc\u00f3w i zmniejszy\u0107 ilo\u015b\u0107 odpad\u00f3w w &hellip;<\/p>\n<p class=\"read-more\"> <a class=\"\" href=\"https:\/\/colorido.sklep.pl\/en\/product\/wloczka-colorido-1000m-4-nitki-zamsz\/\"> <span class=\"screen-reader-text\">W\u0142\u00f3czka COLORIDO | 1000m | 4 nitki | zamsz<\/span> Read More &raquo;<\/a><\/p>","protected":false},"featured_media":508224,"comment_status":"open","ping_status":"closed","template":"","meta":{"site-sidebar-layout":"default","site-content-layout":"default","ast-global-header-display":"","ast-banner-title-visibility":"","ast-main-header-display":"","ast-hfb-above-header-display":"","ast-hfb-below-header-display":"","ast-hfb-mobile-header-display":"","site-post-title":"","ast-breadcrumbs-content":"","ast-featured-img":"","footer-sml-layout":"","theme-transparent-header-meta":"default","adv-header-id-meta":"","stick-header-meta":"","header-above-stick-meta":"","header-main-stick-meta":"","header-below-stick-meta":""},"product_brand":[],"product_cat":[337],"product_tag":[],"class_list":{"0":"post-508226","1":"product","2":"type-product","3":"status-publish","4":"has-post-thumbnail","6":"product_cat-wloczki-od-reki","8":"first","9":"instock","10":"sale","11":"taxable","12":"shipping-taxable","13":"purchasable","14":"product-type-simple"},"_links":{"self":[{"href":"https:\/\/colorido.sklep.pl\/en\/wp-json\/wp\/v2\/product\/508226","targetHints":{"allow":["GET"]}}],"collection":[{"href":"https:\/\/colorido.sklep.pl\/en\/wp-json\/wp\/v2\/product"}],"about":[{"href":"https:\/\/colorido.sklep.pl\/en\/wp-json\/wp\/v2\/types\/product"}],"replies":[{"embeddable":true,"href":"https:\/\/colorido.sklep.pl\/en\/wp-json\/wp\/v2\/comments?post=508226"}],"wp:featuredmedia":[{"embeddable":true,"href":"https:\/\/colorido.sklep.pl\/en\/wp-json\/wp\/v2\/media\/508224"}],"wp:attachment":[{"href":"https:\/\/colorido.sklep.pl\/en\/wp-json\/wp\/v2\/media?parent=508226"}],"wp:term":[{"taxonomy":"product_brand","embeddable":true,"href":"https:\/\/colorido.sklep.pl\/en\/wp-json\/wp\/v2\/product_brand?post=508226"},{"taxonomy":"product_cat","embeddable":true,"href":"https:\/\/colorido.sklep.pl\/en\/wp-json\/wp\/v2\/product_cat?post=508226"},{"taxonomy":"product_tag","embeddable":true,"href":"https:\/\/colorido.sklep.pl\/en\/wp-json\/wp\/v2\/product_tag?post=508226"}],"curies":[{"name":"wp","href":"https:\/\/api.w.org\/{rel}","templated":true}]}}