{"id":508197,"date":"2026-05-05T13:44:31","date_gmt":"2026-05-05T11:44:31","guid":{"rendered":"https:\/\/colorido.sklep.pl\/?post_type=product&#038;p=508197"},"modified":"2026-05-05T13:44:32","modified_gmt":"2026-05-05T11:44:32","slug":"opus-natura-zuza-kolor-805-bezowy","status":"publish","type":"product","link":"https:\/\/colorido.sklep.pl\/en\/product\/opus-natura-zuza-kolor-805-bezowy\/","title":{"rendered":"Opus Natura ZUZA | kolor 805 | be\u017cowy"},"content":{"rendered":"<p data-start=\"0\" data-end=\"63\"><strong data-start=\"0\" data-end=\"63\">Opus Natura Zuza \u2013 cienka i bardzo wydajna w\u0142\u00f3czka akrylowa<\/strong><\/p>\n<p data-start=\"65\" data-end=\"330\">Opus Natura Zuza to lekka, cienka w\u0142\u00f3czka wykonana w 100% z akrylu, przeznaczona g\u0142\u00f3wnie do delikatnych, ca\u0142orocznych projekt\u00f3w. Dzi\u0119ki du\u017cemu metra\u017cowi jest wyj\u0105tkowo wydajna i pozwala uzyska\u0107 lekk\u0105, niezbyt ci\u0119\u017ck\u0105 dzianin\u0119.<\/p>\n<p data-start=\"332\" data-end=\"604\">Ni\u0107 jest mi\u0119kka, g\u0142adka i niegryz\u0105ca, dlatego dobrze sprawdza si\u0119 r\u00f3wnie\u017c w wyrobach dla dzieci oraz os\u00f3b o wra\u017cliwej sk\u00f3rze. Cienka struktura umo\u017cliwia tworzenie subtelnych, lekkich form \u2013 szczeg\u00f3lnie w projektach wiosenno-letnich.<\/p>\n<p data-start=\"606\" data-end=\"838\">W\u0142\u00f3czka dobrze prowadzi si\u0119 na drutach i szyde\u0142ku, daj\u0105c r\u00f3wne oczka i estetyczny efekt ko\u0144cowy. Szeroka gama kolorystyczna pozwala na dopasowanie do r\u00f3\u017cnych projekt\u00f3w \u2013 od odzie\u017cy po dodatki.<\/p>\n<p data-start=\"840\" data-end=\"854\"><strong data-start=\"840\" data-end=\"854\">Parametry:<\/strong><\/p>\n<ul data-start=\"855\" data-end=\"1136\">\n<li data-section-id=\"wsygq1\" data-start=\"855\" data-end=\"914\">sk\u0142ad: 100% akryl<\/li>\n<li data-section-id=\"skqqvo\" data-start=\"915\" data-end=\"930\">waga: 100 g<\/li>\n<li data-section-id=\"xzfmz6\" data-start=\"931\" data-end=\"991\">d\u0142ugo\u015b\u0107: ok. 508 m<\/li>\n<li data-section-id=\"1v3ufhc\" data-start=\"992\" data-end=\"1064\">zalecane druty: ok. 1,5\u20132,5 mm<\/li>\n<li data-section-id=\"14vmoor\" data-start=\"1065\" data-end=\"1136\">zalecane szyde\u0142ko: ok. 2\u20133 mm<\/li>\n<\/ul>\n<p data-start=\"1138\" data-end=\"1250\"><strong data-start=\"1138\" data-end=\"1155\">Zastosowanie:<\/strong><br data-start=\"1155\" data-end=\"1158\" \/>Chusty, lekkie swetry, sukienki, ubrania dzieci\u0119ce, a\u017curowe projekty oraz wyroby ca\u0142oroczne.<\/p>","protected":false},"excerpt":{"rendered":"<p>Opus Natura Zuza \u2013 cienka i bardzo wydajna w\u0142\u00f3czka akrylowa Opus Natura Zuza to lekka, cienka w\u0142\u00f3czka wykonana w 100% z akrylu, przeznaczona g\u0142\u00f3wnie do delikatnych, ca\u0142orocznych projekt\u00f3w. Dzi\u0119ki du\u017cemu metra\u017cowi jest wyj\u0105tkowo wydajna i pozwala uzyska\u0107 lekk\u0105, niezbyt ci\u0119\u017ck\u0105 dzianin\u0119. Ni\u0107 jest mi\u0119kka, g\u0142adka i niegryz\u0105ca, dlatego dobrze sprawdza si\u0119 r\u00f3wnie\u017c w wyrobach dla &hellip;<\/p>\n<p class=\"read-more\"> <a class=\"\" href=\"https:\/\/colorido.sklep.pl\/en\/product\/opus-natura-zuza-kolor-805-bezowy\/\"> <span class=\"screen-reader-text\">Opus Natura ZUZA | kolor 805 | be\u017cowy<\/span> Read More &raquo;<\/a><\/p>","protected":false},"featured_media":508198,"comment_status":"open","ping_status":"closed","template":"","meta":{"site-sidebar-layout":"default","site-content-layout":"default","ast-global-header-display":"","ast-banner-title-visibility":"","ast-main-header-display":"","ast-hfb-above-header-display":"","ast-hfb-below-header-display":"","ast-hfb-mobile-header-display":"","site-post-title":"","ast-breadcrumbs-content":"","ast-featured-img":"","footer-sml-layout":"","theme-transparent-header-meta":"default","adv-header-id-meta":"","stick-header-meta":"","header-above-stick-meta":"","header-main-stick-meta":"","header-below-stick-meta":""},"product_brand":[],"product_cat":[337],"product_tag":[],"class_list":{"0":"post-508197","1":"product","2":"type-product","3":"status-publish","4":"has-post-thumbnail","6":"product_cat-wloczki-od-reki","8":"first","9":"instock","10":"sale","11":"taxable","12":"shipping-taxable","13":"purchasable","14":"product-type-simple"},"_links":{"self":[{"href":"https:\/\/colorido.sklep.pl\/en\/wp-json\/wp\/v2\/product\/508197","targetHints":{"allow":["GET"]}}],"collection":[{"href":"https:\/\/colorido.sklep.pl\/en\/wp-json\/wp\/v2\/product"}],"about":[{"href":"https:\/\/colorido.sklep.pl\/en\/wp-json\/wp\/v2\/types\/product"}],"replies":[{"embeddable":true,"href":"https:\/\/colorido.sklep.pl\/en\/wp-json\/wp\/v2\/comments?post=508197"}],"wp:featuredmedia":[{"embeddable":true,"href":"https:\/\/colorido.sklep.pl\/en\/wp-json\/wp\/v2\/media\/508198"}],"wp:attachment":[{"href":"https:\/\/colorido.sklep.pl\/en\/wp-json\/wp\/v2\/media?parent=508197"}],"wp:term":[{"taxonomy":"product_brand","embeddable":true,"href":"https:\/\/colorido.sklep.pl\/en\/wp-json\/wp\/v2\/product_brand?post=508197"},{"taxonomy":"product_cat","embeddable":true,"href":"https:\/\/colorido.sklep.pl\/en\/wp-json\/wp\/v2\/product_cat?post=508197"},{"taxonomy":"product_tag","embeddable":true,"href":"https:\/\/colorido.sklep.pl\/en\/wp-json\/wp\/v2\/product_tag?post=508197"}],"curies":[{"name":"wp","href":"https:\/\/api.w.org\/{rel}","templated":true}]}}