{"id":508193,"date":"2026-05-05T13:34:14","date_gmt":"2026-05-05T11:34:14","guid":{"rendered":"https:\/\/colorido.sklep.pl\/?post_type=product&#038;p=508193"},"modified":"2026-05-06T10:03:33","modified_gmt":"2026-05-06T08:03:33","slug":"altin-basak-maxi-kolor-czarny","status":"publish","type":"product","link":"https:\/\/colorido.sklep.pl\/en\/product\/altin-basak-maxi-kolor-czarny\/","title":{"rendered":"Altin Basak MAXI | kolor czarny"},"content":{"rendered":"<p data-start=\"0\" data-end=\"72\"><strong data-start=\"0\" data-end=\"72\">Altin Basak Maxi \u2013 uniwersalny kordonek bawe\u0142niany \u015bredniej grubo\u015bci<\/strong><\/p>\n<p data-start=\"74\" data-end=\"398\">Altin Basak Maxi to jeden z najpopularniejszych kordonk\u00f3w bawe\u0142nianych, ceniony za dobr\u0105 jako\u015b\u0107 i szerokie zastosowanie. Wykonany w 100% z merceryzowanej bawe\u0142ny egipskiej, charakteryzuje si\u0119 g\u0142adk\u0105 struktur\u0105 i delikatnym po\u0142yskiem, kt\u00f3ry nadaje wyrobom estetyczny, \u201eczystszy\u201d wygl\u0105d.<\/p>\n<p data-start=\"400\" data-end=\"651\">Ni\u0107 ma \u015bredni\u0105 grubo\u015b\u0107 (ok. 10), dzi\u0119ki czemu jest znacznie bardziej uniwersalna ni\u017c cienkie kordonki typu 50. Dobrze si\u0119 prowadzi, nie rozwarstwia si\u0119 i daje r\u00f3wn\u0105, wyra\u017an\u0105 struktur\u0119 oczek. To taki \u201ebezpieczny \u015brodek\u201d \u2013 ani za cienki, ani za gruby.<\/p>\n<h3 data-section-id=\"1ipvd0p\" data-start=\"1126\" data-end=\"1140\">Parametry:<\/h3>\n<ul data-start=\"1141\" data-end=\"1424\">\n<li data-section-id=\"2qfmww\" data-start=\"1141\" data-end=\"1226\">sk\u0142ad: 100% bawe\u0142na merceryzowana (egipska)<\/li>\n<li data-section-id=\"skqqvo\" data-start=\"1227\" data-end=\"1242\">waga: 100 g<\/li>\n<li data-section-id=\"12xns3d\" data-start=\"1243\" data-end=\"1303\">d\u0142ugo\u015b\u0107: ok. 565 m<\/li>\n<li data-section-id=\"a45fu0\" data-start=\"1304\" data-end=\"1323\">grubo\u015b\u0107: ok. 10<\/li>\n<li data-section-id=\"1yhsvss\" data-start=\"1324\" data-end=\"1357\">zalecane szyde\u0142ko: ok. 1,5 mm<\/li>\n<li data-section-id=\"a5kecw\" data-start=\"1358\" data-end=\"1424\">zalecane druty: 2\u20132,5 mm<\/li>\n<\/ul>\n<hr data-start=\"1426\" data-end=\"1429\" \/>\n<h3 data-section-id=\"4e82iv\" data-start=\"1431\" data-end=\"1448\"><\/h3>","protected":false},"excerpt":{"rendered":"<p>Altin Basak Maxi \u2013 uniwersalny kordonek bawe\u0142niany \u015bredniej grubo\u015bci Altin Basak Maxi to jeden z najpopularniejszych kordonk\u00f3w bawe\u0142nianych, ceniony za dobr\u0105 jako\u015b\u0107 i szerokie zastosowanie. Wykonany w 100% z merceryzowanej bawe\u0142ny egipskiej, charakteryzuje si\u0119 g\u0142adk\u0105 struktur\u0105 i delikatnym po\u0142yskiem, kt\u00f3ry nadaje wyrobom estetyczny, \u201eczystszy\u201d wygl\u0105d. Ni\u0107 ma \u015bredni\u0105 grubo\u015b\u0107 (ok. 10), dzi\u0119ki czemu jest znacznie &hellip;<\/p>\n<p class=\"read-more\"> <a class=\"\" href=\"https:\/\/colorido.sklep.pl\/en\/product\/altin-basak-maxi-kolor-czarny\/\"> <span class=\"screen-reader-text\">Altin Basak MAXI | kolor czarny<\/span> Read More &raquo;<\/a><\/p>","protected":false},"featured_media":508194,"comment_status":"open","ping_status":"closed","template":"","meta":{"site-sidebar-layout":"default","site-content-layout":"default","ast-global-header-display":"","ast-banner-title-visibility":"","ast-main-header-display":"","ast-hfb-above-header-display":"","ast-hfb-below-header-display":"","ast-hfb-mobile-header-display":"","site-post-title":"","ast-breadcrumbs-content":"","ast-featured-img":"","footer-sml-layout":"","theme-transparent-header-meta":"default","adv-header-id-meta":"","stick-header-meta":"","header-above-stick-meta":"","header-main-stick-meta":"","header-below-stick-meta":""},"product_brand":[],"product_cat":[337],"product_tag":[],"class_list":{"0":"post-508193","1":"product","2":"type-product","3":"status-publish","4":"has-post-thumbnail","6":"product_cat-wloczki-od-reki","8":"first","9":"instock","10":"sale","11":"taxable","12":"shipping-taxable","13":"purchasable","14":"product-type-simple"},"_links":{"self":[{"href":"https:\/\/colorido.sklep.pl\/en\/wp-json\/wp\/v2\/product\/508193","targetHints":{"allow":["GET"]}}],"collection":[{"href":"https:\/\/colorido.sklep.pl\/en\/wp-json\/wp\/v2\/product"}],"about":[{"href":"https:\/\/colorido.sklep.pl\/en\/wp-json\/wp\/v2\/types\/product"}],"replies":[{"embeddable":true,"href":"https:\/\/colorido.sklep.pl\/en\/wp-json\/wp\/v2\/comments?post=508193"}],"wp:featuredmedia":[{"embeddable":true,"href":"https:\/\/colorido.sklep.pl\/en\/wp-json\/wp\/v2\/media\/508194"}],"wp:attachment":[{"href":"https:\/\/colorido.sklep.pl\/en\/wp-json\/wp\/v2\/media?parent=508193"}],"wp:term":[{"taxonomy":"product_brand","embeddable":true,"href":"https:\/\/colorido.sklep.pl\/en\/wp-json\/wp\/v2\/product_brand?post=508193"},{"taxonomy":"product_cat","embeddable":true,"href":"https:\/\/colorido.sklep.pl\/en\/wp-json\/wp\/v2\/product_cat?post=508193"},{"taxonomy":"product_tag","embeddable":true,"href":"https:\/\/colorido.sklep.pl\/en\/wp-json\/wp\/v2\/product_tag?post=508193"}],"curies":[{"name":"wp","href":"https:\/\/api.w.org\/{rel}","templated":true}]}}