{"id":508189,"date":"2026-05-05T13:26:04","date_gmt":"2026-05-05T11:26:04","guid":{"rendered":"https:\/\/colorido.sklep.pl\/?post_type=product&#038;p=508189"},"modified":"2026-05-05T13:26:04","modified_gmt":"2026-05-05T11:26:04","slug":"yarn-art-jeans-plus-kolor-87-bezowy","status":"publish","type":"product","link":"https:\/\/colorido.sklep.pl\/en\/product\/yarn-art-jeans-plus-kolor-87-bezowy\/","title":{"rendered":"Yarn Art JEANS PLUS | kolor 87 | be\u017cowy"},"content":{"rendered":"<p data-start=\"0\" data-end=\"58\"><strong data-start=\"0\" data-end=\"58\">YarnArt Jeans Plus \u2013 grubsza wersja popularnej \u201eJeans\u201d<\/strong><\/p>\n<p data-start=\"60\" data-end=\"302\">YarnArt Jeans Plus to uniwersalna w\u0142\u00f3czka o \u015bredniej grubo\u015bci, b\u0119d\u0105ca \u201ewi\u0119ksz\u0105 siostr\u0105\u201d klasycznej Jeans. \u0141\u0105czy w sobie mi\u0119kko\u015b\u0107 bawe\u0142ny z trwa\u0142o\u015bci\u0105 akrylu, dzi\u0119ki czemu dobrze sprawdza si\u0119 zar\u00f3wno w projektach odzie\u017cowych, jak i u\u017cytkowych.<\/p>\n<p data-start=\"382\" data-end=\"631\">W\u0142\u00f3czka ma dobrze skr\u0119con\u0105 ni\u0107, co przek\u0142ada si\u0119 na wygodn\u0105 prac\u0119 i r\u00f3wne oczka. Dzi\u0119ki zawarto\u015bci bawe\u0142ny dzianina jest przyjemna w dotyku i przewiewna, a akryl zwi\u0119ksza jej odporno\u015b\u0107 na u\u017cytkowanie i pranie.<\/p>\n<p data-start=\"633\" data-end=\"855\">To w\u0142\u00f3czka ca\u0142oroczna, cz\u0119sto wybierana do amigurumi, ubranek dzieci\u0119cych i codziennych projekt\u00f3w \u2013 szczeg\u00f3lnie tam, gdzie potrzebna jest wi\u0119ksza \u201emi\u0119sisto\u015b\u0107\u201d ni\u017c w klasycznej Jeans.<\/p>\n<hr data-start=\"857\" data-end=\"860\" \/>\n<h3 data-section-id=\"1ipvd0p\" data-start=\"862\" data-end=\"876\">Parametry:<\/h3>\n<ul data-start=\"877\" data-end=\"1192\">\n<li data-section-id=\"1ab2g3w\" data-start=\"877\" data-end=\"948\">sk\u0142ad: 55% bawe\u0142na, 45% akryl<\/li>\n<li data-section-id=\"1dwc8y1\" data-start=\"949\" data-end=\"1002\">waga: 100 g<\/li>\n<li data-section-id=\"ydetbs\" data-start=\"1003\" data-end=\"1063\">d\u0142ugo\u015b\u0107: ok. 160 m<\/li>\n<li data-section-id=\"1omiexb\" data-start=\"1064\" data-end=\"1126\">zalecane druty: 5 mm<\/li>\n<li data-section-id=\"1jm21cm\" data-start=\"1127\" data-end=\"1192\">zalecane szyde\u0142ko: 5 mm<\/li>\n<\/ul>\n<hr data-start=\"1194\" data-end=\"1197\" \/>\n<h3 data-section-id=\"4e82iv\" data-start=\"1199\" data-end=\"1216\">Zastosowanie:<\/h3>\n<p data-start=\"1217\" data-end=\"1295\">Amigurumi, zabawki, kocyki, ubrania dzieci\u0119ce, swetry, czapki, dodatki domowe.<\/p>","protected":false},"excerpt":{"rendered":"<p>YarnArt Jeans Plus \u2013 grubsza wersja popularnej \u201eJeans\u201d YarnArt Jeans Plus to uniwersalna w\u0142\u00f3czka o \u015bredniej grubo\u015bci, b\u0119d\u0105ca \u201ewi\u0119ksz\u0105 siostr\u0105\u201d klasycznej Jeans. \u0141\u0105czy w sobie mi\u0119kko\u015b\u0107 bawe\u0142ny z trwa\u0142o\u015bci\u0105 akrylu, dzi\u0119ki czemu dobrze sprawdza si\u0119 zar\u00f3wno w projektach odzie\u017cowych, jak i u\u017cytkowych. W\u0142\u00f3czka ma dobrze skr\u0119con\u0105 ni\u0107, co przek\u0142ada si\u0119 na wygodn\u0105 prac\u0119 i r\u00f3wne &hellip;<\/p>\n<p class=\"read-more\"> <a class=\"\" href=\"https:\/\/colorido.sklep.pl\/en\/product\/yarn-art-jeans-plus-kolor-87-bezowy\/\"> <span class=\"screen-reader-text\">Yarn Art JEANS PLUS | kolor 87 | be\u017cowy<\/span> Read More &raquo;<\/a><\/p>","protected":false},"featured_media":508190,"comment_status":"open","ping_status":"closed","template":"","meta":{"site-sidebar-layout":"default","site-content-layout":"default","ast-global-header-display":"","ast-banner-title-visibility":"","ast-main-header-display":"","ast-hfb-above-header-display":"","ast-hfb-below-header-display":"","ast-hfb-mobile-header-display":"","site-post-title":"","ast-breadcrumbs-content":"","ast-featured-img":"","footer-sml-layout":"","theme-transparent-header-meta":"default","adv-header-id-meta":"","stick-header-meta":"","header-above-stick-meta":"","header-main-stick-meta":"","header-below-stick-meta":""},"product_brand":[],"product_cat":[337],"product_tag":[],"class_list":{"0":"post-508189","1":"product","2":"type-product","3":"status-publish","4":"has-post-thumbnail","6":"product_cat-wloczki-od-reki","8":"first","9":"instock","10":"sale","11":"taxable","12":"shipping-taxable","13":"purchasable","14":"product-type-simple"},"_links":{"self":[{"href":"https:\/\/colorido.sklep.pl\/en\/wp-json\/wp\/v2\/product\/508189","targetHints":{"allow":["GET"]}}],"collection":[{"href":"https:\/\/colorido.sklep.pl\/en\/wp-json\/wp\/v2\/product"}],"about":[{"href":"https:\/\/colorido.sklep.pl\/en\/wp-json\/wp\/v2\/types\/product"}],"replies":[{"embeddable":true,"href":"https:\/\/colorido.sklep.pl\/en\/wp-json\/wp\/v2\/comments?post=508189"}],"wp:featuredmedia":[{"embeddable":true,"href":"https:\/\/colorido.sklep.pl\/en\/wp-json\/wp\/v2\/media\/508190"}],"wp:attachment":[{"href":"https:\/\/colorido.sklep.pl\/en\/wp-json\/wp\/v2\/media?parent=508189"}],"wp:term":[{"taxonomy":"product_brand","embeddable":true,"href":"https:\/\/colorido.sklep.pl\/en\/wp-json\/wp\/v2\/product_brand?post=508189"},{"taxonomy":"product_cat","embeddable":true,"href":"https:\/\/colorido.sklep.pl\/en\/wp-json\/wp\/v2\/product_cat?post=508189"},{"taxonomy":"product_tag","embeddable":true,"href":"https:\/\/colorido.sklep.pl\/en\/wp-json\/wp\/v2\/product_tag?post=508189"}],"curies":[{"name":"wp","href":"https:\/\/api.w.org\/{rel}","templated":true}]}}