{"id":508188,"date":"2026-05-05T13:21:39","date_gmt":"2026-05-05T11:21:39","guid":{"rendered":"https:\/\/colorido.sklep.pl\/?post_type=product&#038;p=508188"},"modified":"2026-05-05T13:22:31","modified_gmt":"2026-05-05T11:22:31","slug":"alize-angora-gold-kolor-1602-tony-rozowe","status":"publish","type":"product","link":"https:\/\/colorido.sklep.pl\/en\/product\/alize-angora-gold-kolor-1602-tony-rozowe\/","title":{"rendered":"Alize ANGORA GOLD |  kolor 1602 | tony r\u00f3\u017cowe"},"content":{"rendered":"<p data-start=\"0\" data-end=\"68\"><strong data-start=\"0\" data-end=\"68\">Alize Angora Gold \u2013 cienka, wydajna w\u0142\u00f3czka do lekkich projekt\u00f3w<\/strong><\/p>\n<p data-start=\"70\" data-end=\"386\">Alize Angora Gold to jedna z najbardziej rozpoznawalnych w\u0142\u00f3czek tej marki \u2013 cienka, lekko puszysta i bardzo wydajna. Dzi\u0119ki po\u0142\u0105czeniu 80% akrylu i 20% we\u0142ny \u0142\u0105czy w sobie trwa\u0142o\u015b\u0107 z delikatnym ciep\u0142em, co sprawia, \u017ce nadaje si\u0119 zar\u00f3wno na projekty przej\u015bciowe, jak i zimowe.<\/p>\n<p data-start=\"388\" data-end=\"636\">Ni\u0107 jest cienka (typ lace\/fingering), ale daje lekki \u201ehalo\u201d \u2013 subteln\u0105 puszysto\u015b\u0107, kt\u00f3ra wizualnie zmi\u0119kcza dzianin\u0119. Jednocze\u015bnie dobrze si\u0119 prowadzi i jest bardzo wydajna \u2013 jeden motek to a\u017c ok. 550 metr\u00f3w.<\/p>\n<p data-start=\"638\" data-end=\"805\">To w\u0142\u00f3czka, kt\u00f3r\u0105 cz\u0119sto wybiera si\u0119 na chusty i lekkie swetry, bo daje efekt delikatnej, zwiewnej dzianiny bez du\u017cego ci\u0119\u017caru.<\/p>\n<p data-start=\"886\" data-end=\"900\"><strong data-start=\"886\" data-end=\"900\">Parametry:<\/strong><\/p>\n<ul data-start=\"901\" data-end=\"1066\">\n<li data-section-id=\"kuehkp\" data-start=\"901\" data-end=\"932\">sk\u0142ad: 80% akryl, 20% we\u0142na<\/li>\n<li data-section-id=\"skqqvo\" data-start=\"933\" data-end=\"948\">waga: 100 g<\/li>\n<li data-section-id=\"wrltnm\" data-start=\"949\" data-end=\"971\">d\u0142ugo\u015b\u0107: ok. 550 m<\/li>\n<li data-section-id=\"15zv25t\" data-start=\"972\" data-end=\"998\">zalecane druty: 3\u20136 mm<\/li>\n<li data-section-id=\"2ueeuu\" data-start=\"999\" data-end=\"1066\">zalecane szyde\u0142ko: 2\u20134 mm<\/li>\n<\/ul>\n<hr data-start=\"1068\" data-end=\"1071\" \/>\n<p data-start=\"1073\" data-end=\"1233\"><strong data-start=\"1073\" data-end=\"1090\">Zastosowanie:<\/strong><br \/>\nChusty, szale, cienkie swetry, czapki, narzutki, a tak\u017ce projekty robione z kilku nitek (np. do uzyskania wi\u0119kszej grubo\u015bci lub efektu ombre).<\/p>","protected":false},"excerpt":{"rendered":"<p>Alize Angora Gold \u2013 cienka, wydajna w\u0142\u00f3czka do lekkich projekt\u00f3w Alize Angora Gold to jedna z najbardziej rozpoznawalnych w\u0142\u00f3czek tej marki \u2013 cienka, lekko puszysta i bardzo wydajna. Dzi\u0119ki po\u0142\u0105czeniu 80% akrylu i 20% we\u0142ny \u0142\u0105czy w sobie trwa\u0142o\u015b\u0107 z delikatnym ciep\u0142em, co sprawia, \u017ce nadaje si\u0119 zar\u00f3wno na projekty przej\u015bciowe, jak i zimowe. Ni\u0107 &hellip;<\/p>\n<p class=\"read-more\"> <a class=\"\" href=\"https:\/\/colorido.sklep.pl\/en\/product\/alize-angora-gold-kolor-1602-tony-rozowe\/\"> <span class=\"screen-reader-text\">Alize ANGORA GOLD |  kolor 1602 | tony r\u00f3\u017cowe<\/span> Read More &raquo;<\/a><\/p>","protected":false},"featured_media":508187,"comment_status":"open","ping_status":"closed","template":"","meta":{"site-sidebar-layout":"default","site-content-layout":"default","ast-global-header-display":"","ast-banner-title-visibility":"","ast-main-header-display":"","ast-hfb-above-header-display":"","ast-hfb-below-header-display":"","ast-hfb-mobile-header-display":"","site-post-title":"","ast-breadcrumbs-content":"","ast-featured-img":"","footer-sml-layout":"","theme-transparent-header-meta":"default","adv-header-id-meta":"","stick-header-meta":"","header-above-stick-meta":"","header-main-stick-meta":"","header-below-stick-meta":""},"product_brand":[],"product_cat":[337],"product_tag":[],"class_list":{"0":"post-508188","1":"product","2":"type-product","3":"status-publish","4":"has-post-thumbnail","6":"product_cat-wloczki-od-reki","8":"first","9":"instock","10":"sale","11":"taxable","12":"shipping-taxable","13":"purchasable","14":"product-type-simple"},"_links":{"self":[{"href":"https:\/\/colorido.sklep.pl\/en\/wp-json\/wp\/v2\/product\/508188","targetHints":{"allow":["GET"]}}],"collection":[{"href":"https:\/\/colorido.sklep.pl\/en\/wp-json\/wp\/v2\/product"}],"about":[{"href":"https:\/\/colorido.sklep.pl\/en\/wp-json\/wp\/v2\/types\/product"}],"replies":[{"embeddable":true,"href":"https:\/\/colorido.sklep.pl\/en\/wp-json\/wp\/v2\/comments?post=508188"}],"wp:featuredmedia":[{"embeddable":true,"href":"https:\/\/colorido.sklep.pl\/en\/wp-json\/wp\/v2\/media\/508187"}],"wp:attachment":[{"href":"https:\/\/colorido.sklep.pl\/en\/wp-json\/wp\/v2\/media?parent=508188"}],"wp:term":[{"taxonomy":"product_brand","embeddable":true,"href":"https:\/\/colorido.sklep.pl\/en\/wp-json\/wp\/v2\/product_brand?post=508188"},{"taxonomy":"product_cat","embeddable":true,"href":"https:\/\/colorido.sklep.pl\/en\/wp-json\/wp\/v2\/product_cat?post=508188"},{"taxonomy":"product_tag","embeddable":true,"href":"https:\/\/colorido.sklep.pl\/en\/wp-json\/wp\/v2\/product_tag?post=508188"}],"curies":[{"name":"wp","href":"https:\/\/api.w.org\/{rel}","templated":true}]}}