{"id":508176,"date":"2026-05-05T13:05:51","date_gmt":"2026-05-05T11:05:51","guid":{"rendered":"https:\/\/colorido.sklep.pl\/?post_type=product&#038;p=508176"},"modified":"2026-05-05T13:05:51","modified_gmt":"2026-05-05T11:05:51","slug":"alize-bella-kolor-477-mietowy","status":"publish","type":"product","link":"https:\/\/colorido.sklep.pl\/en\/product\/alize-bella-kolor-477-mietowy\/","title":{"rendered":"Alize BELLA | kolor 477 | mi\u0119towy"},"content":{"rendered":"<p data-start=\"0\" data-end=\"65\"><strong data-start=\"0\" data-end=\"65\">Alize Bella \u2013 lekka w\u0142\u00f3czka bawe\u0142niana na cieplejsze projekty<\/strong><\/p>\n<p data-start=\"67\" data-end=\"387\">Alize Bella to cienka, uniwersalna w\u0142\u00f3czka wykonana w 100% z bawe\u0142ny, przeznaczona g\u0142\u00f3wnie do rob\u00f3tek wiosenno-letnich. Naturalne w\u0142\u00f3kno zapewnia przewiewno\u015b\u0107 i komfort noszenia, dzi\u0119ki czemu gotowe wyroby s\u0105 lekkie, oddychaj\u0105ce i przyjazne dla sk\u00f3ry \u2013 r\u00f3wnie\u017c w przypadku dzieci.<\/p>\n<p data-start=\"389\" data-end=\"620\">Ni\u0107 jest g\u0142adka, bez po\u0142ysku (niemerceryzowana), co daje bardziej naturalny efekt dzianiny. Jednocze\u015bnie dobrze prowadzi si\u0119 na drutach i szyde\u0142ku, tworz\u0105c r\u00f3wne oczka i estetyczn\u0105 struktur\u0119.<\/p>\n<p data-start=\"622\" data-end=\"738\">To w\u0142\u00f3czka typowo \u201eletnia\u201d \u2013 sprawdzi si\u0119 wsz\u0119dzie tam, gdzie nie chcesz efektu grzania, tylko lekko\u015bci i przewiewu.<\/p>\n<p data-start=\"740\" data-end=\"754\"><strong data-start=\"740\" data-end=\"754\">Parametry:<\/strong><\/p>\n<ul data-start=\"755\" data-end=\"911\">\n<li data-section-id=\"tbro9x\" data-start=\"755\" data-end=\"778\">sk\u0142ad: 100% bawe\u0142na<\/li>\n<li data-section-id=\"iihmps\" data-start=\"779\" data-end=\"793\">waga: 50 g<\/li>\n<li data-section-id=\"11hwzuz\" data-start=\"794\" data-end=\"816\">d\u0142ugo\u015b\u0107: ok. 180 m<\/li>\n<li data-section-id=\"1vdtsya\" data-start=\"817\" data-end=\"843\">zalecane druty: 2\u20134 mm<\/li>\n<li data-section-id=\"1l242cy\" data-start=\"844\" data-end=\"911\">zalecane szyde\u0142ko: 1\u20133 mm<\/li>\n<\/ul>\n<p data-start=\"913\" data-end=\"1026\"><strong data-start=\"913\" data-end=\"930\">Zastosowanie:<\/strong><br data-start=\"930\" data-end=\"933\" \/>Bluzki, topy, sukienki, chusty, ubrania dzieci\u0119ce, amigurumi, lekkie kocyki i dodatki domowe.<\/p>","protected":false},"excerpt":{"rendered":"<p>Alize Bella \u2013 lekka w\u0142\u00f3czka bawe\u0142niana na cieplejsze projekty Alize Bella to cienka, uniwersalna w\u0142\u00f3czka wykonana w 100% z bawe\u0142ny, przeznaczona g\u0142\u00f3wnie do rob\u00f3tek wiosenno-letnich. Naturalne w\u0142\u00f3kno zapewnia przewiewno\u015b\u0107 i komfort noszenia, dzi\u0119ki czemu gotowe wyroby s\u0105 lekkie, oddychaj\u0105ce i przyjazne dla sk\u00f3ry \u2013 r\u00f3wnie\u017c w przypadku dzieci. Ni\u0107 jest g\u0142adka, bez po\u0142ysku (niemerceryzowana), co &hellip;<\/p>\n<p class=\"read-more\"> <a class=\"\" href=\"https:\/\/colorido.sklep.pl\/en\/product\/alize-bella-kolor-477-mietowy\/\"> <span class=\"screen-reader-text\">Alize BELLA | kolor 477 | mi\u0119towy<\/span> Read More &raquo;<\/a><\/p>","protected":false},"featured_media":508178,"comment_status":"open","ping_status":"closed","template":"","meta":{"site-sidebar-layout":"default","site-content-layout":"default","ast-global-header-display":"","ast-banner-title-visibility":"","ast-main-header-display":"","ast-hfb-above-header-display":"","ast-hfb-below-header-display":"","ast-hfb-mobile-header-display":"","site-post-title":"","ast-breadcrumbs-content":"","ast-featured-img":"","footer-sml-layout":"","theme-transparent-header-meta":"default","adv-header-id-meta":"","stick-header-meta":"","header-above-stick-meta":"","header-main-stick-meta":"","header-below-stick-meta":""},"product_brand":[],"product_cat":[337],"product_tag":[],"class_list":{"0":"post-508176","1":"product","2":"type-product","3":"status-publish","4":"has-post-thumbnail","6":"product_cat-wloczki-od-reki","8":"first","9":"instock","10":"sale","11":"taxable","12":"shipping-taxable","13":"purchasable","14":"product-type-simple"},"_links":{"self":[{"href":"https:\/\/colorido.sklep.pl\/en\/wp-json\/wp\/v2\/product\/508176","targetHints":{"allow":["GET"]}}],"collection":[{"href":"https:\/\/colorido.sklep.pl\/en\/wp-json\/wp\/v2\/product"}],"about":[{"href":"https:\/\/colorido.sklep.pl\/en\/wp-json\/wp\/v2\/types\/product"}],"replies":[{"embeddable":true,"href":"https:\/\/colorido.sklep.pl\/en\/wp-json\/wp\/v2\/comments?post=508176"}],"wp:featuredmedia":[{"embeddable":true,"href":"https:\/\/colorido.sklep.pl\/en\/wp-json\/wp\/v2\/media\/508178"}],"wp:attachment":[{"href":"https:\/\/colorido.sklep.pl\/en\/wp-json\/wp\/v2\/media?parent=508176"}],"wp:term":[{"taxonomy":"product_brand","embeddable":true,"href":"https:\/\/colorido.sklep.pl\/en\/wp-json\/wp\/v2\/product_brand?post=508176"},{"taxonomy":"product_cat","embeddable":true,"href":"https:\/\/colorido.sklep.pl\/en\/wp-json\/wp\/v2\/product_cat?post=508176"},{"taxonomy":"product_tag","embeddable":true,"href":"https:\/\/colorido.sklep.pl\/en\/wp-json\/wp\/v2\/product_tag?post=508176"}],"curies":[{"name":"wp","href":"https:\/\/api.w.org\/{rel}","templated":true}]}}