{"id":508173,"date":"2026-05-05T12:58:58","date_gmt":"2026-05-05T10:58:58","guid":{"rendered":"https:\/\/colorido.sklep.pl\/?post_type=product&#038;p=508173"},"modified":"2026-05-05T12:58:58","modified_gmt":"2026-05-05T10:58:58","slug":"alize-superwash-comfort-kolor-7678-mieszanka-brazow","status":"publish","type":"product","link":"https:\/\/colorido.sklep.pl\/en\/product\/alize-superwash-comfort-kolor-7678-mieszanka-brazow\/","title":{"rendered":"Alize SUPERWASH COMFORT | kolor 7678 | mieszanka br\u0105z\u00f3w"},"content":{"rendered":"<p data-start=\"0\" data-end=\"71\"><strong data-start=\"0\" data-end=\"71\">Alize Superwash Comfort \u2013 trwa\u0142a w\u0142\u00f3czka skarpetkowa z we\u0142n\u0105 merino<\/strong><\/p>\n<p data-start=\"73\" data-end=\"380\">Alize Superwash Comfort to cienka, bardzo wydajna w\u0142\u00f3czka przeznaczona g\u0142\u00f3wnie do wyrob\u00f3w u\u017cytkowych \u2013 szczeg\u00f3lnie skarpet, ale nie tylko. Po\u0142\u0105czenie 75% we\u0142ny superwash i 25% poliamidu daje dobr\u0105 r\u00f3wnowag\u0119 mi\u0119dzy naturalnym ciep\u0142em a wysok\u0105 odporno\u015bci\u0105 na \u015bcieranie.<\/p>\n<p data-start=\"382\" data-end=\"596\">Dzi\u0119ki obr\u00f3bce superwash w\u0142\u00f3czka jest \u0142atwa w piel\u0119gnacji \u2013 mo\u017cna j\u0105 pra\u0107 w pralce bez ryzyka filcowania. Jednocze\u015bnie zachowuje mi\u0119kko\u015b\u0107 i komfort noszenia typowy dla we\u0142ny.<\/p>\n<p data-start=\"598\" data-end=\"828\">Cienka struktura (typowo skarpetkowa) sprawia, \u017ce dzianina jest lekka, ale bardzo wytrzyma\u0142a. W\u0142\u00f3czka dobrze sprawdza si\u0119 tak\u017ce w projektach takich jak chusty, cienkie swetry czy r\u0119kawiczki.<\/p>\n<p data-start=\"830\" data-end=\"955\">Dost\u0119pna jest zar\u00f3wno w kolorach jednolitych, jak i samopaskuj\u0105cych (batik), co pozwala uzyska\u0107 efekt wzoru bez zmiany motka.<\/p>\n<p data-start=\"957\" data-end=\"971\"><strong data-start=\"957\" data-end=\"971\">Parametry:<\/strong><\/p>\n<ul data-start=\"972\" data-end=\"1150\">\n<li data-section-id=\"234dyk\" data-start=\"972\" data-end=\"1016\">sk\u0142ad: 75% we\u0142na superwash, 25% poliamid<\/li>\n<li data-section-id=\"skqqvo\" data-start=\"1017\" data-end=\"1032\">waga: 100 g<\/li>\n<li data-section-id=\"6vlt50\" data-start=\"1033\" data-end=\"1055\">d\u0142ugo\u015b\u0107: ok. 420 m<\/li>\n<li data-section-id=\"1vdtsya\" data-start=\"1056\" data-end=\"1082\">zalecane druty: 2\u20134 mm<\/li>\n<li data-section-id=\"15btrbm\" data-start=\"1083\" data-end=\"1150\">zalecane szyde\u0142ko: 1\u20133 mm<\/li>\n<\/ul>","protected":false},"excerpt":{"rendered":"<p>Alize Superwash Comfort \u2013 trwa\u0142a w\u0142\u00f3czka skarpetkowa z we\u0142n\u0105 merino Alize Superwash Comfort to cienka, bardzo wydajna w\u0142\u00f3czka przeznaczona g\u0142\u00f3wnie do wyrob\u00f3w u\u017cytkowych \u2013 szczeg\u00f3lnie skarpet, ale nie tylko. Po\u0142\u0105czenie 75% we\u0142ny superwash i 25% poliamidu daje dobr\u0105 r\u00f3wnowag\u0119 mi\u0119dzy naturalnym ciep\u0142em a wysok\u0105 odporno\u015bci\u0105 na \u015bcieranie. Dzi\u0119ki obr\u00f3bce superwash w\u0142\u00f3czka jest \u0142atwa w piel\u0119gnacji &hellip;<\/p>\n<p class=\"read-more\"> <a class=\"\" href=\"https:\/\/colorido.sklep.pl\/en\/product\/alize-superwash-comfort-kolor-7678-mieszanka-brazow\/\"> <span class=\"screen-reader-text\">Alize SUPERWASH COMFORT | kolor 7678 | mieszanka br\u0105z\u00f3w<\/span> Read More &raquo;<\/a><\/p>","protected":false},"featured_media":508175,"comment_status":"open","ping_status":"closed","template":"","meta":{"site-sidebar-layout":"default","site-content-layout":"default","ast-global-header-display":"","ast-banner-title-visibility":"","ast-main-header-display":"","ast-hfb-above-header-display":"","ast-hfb-below-header-display":"","ast-hfb-mobile-header-display":"","site-post-title":"","ast-breadcrumbs-content":"","ast-featured-img":"","footer-sml-layout":"","theme-transparent-header-meta":"default","adv-header-id-meta":"","stick-header-meta":"","header-above-stick-meta":"","header-main-stick-meta":"","header-below-stick-meta":""},"product_brand":[],"product_cat":[337],"product_tag":[],"class_list":{"0":"post-508173","1":"product","2":"type-product","3":"status-publish","4":"has-post-thumbnail","6":"product_cat-wloczki-od-reki","8":"first","9":"instock","10":"sale","11":"taxable","12":"shipping-taxable","13":"purchasable","14":"product-type-simple"},"_links":{"self":[{"href":"https:\/\/colorido.sklep.pl\/en\/wp-json\/wp\/v2\/product\/508173","targetHints":{"allow":["GET"]}}],"collection":[{"href":"https:\/\/colorido.sklep.pl\/en\/wp-json\/wp\/v2\/product"}],"about":[{"href":"https:\/\/colorido.sklep.pl\/en\/wp-json\/wp\/v2\/types\/product"}],"replies":[{"embeddable":true,"href":"https:\/\/colorido.sklep.pl\/en\/wp-json\/wp\/v2\/comments?post=508173"}],"wp:featuredmedia":[{"embeddable":true,"href":"https:\/\/colorido.sklep.pl\/en\/wp-json\/wp\/v2\/media\/508175"}],"wp:attachment":[{"href":"https:\/\/colorido.sklep.pl\/en\/wp-json\/wp\/v2\/media?parent=508173"}],"wp:term":[{"taxonomy":"product_brand","embeddable":true,"href":"https:\/\/colorido.sklep.pl\/en\/wp-json\/wp\/v2\/product_brand?post=508173"},{"taxonomy":"product_cat","embeddable":true,"href":"https:\/\/colorido.sklep.pl\/en\/wp-json\/wp\/v2\/product_cat?post=508173"},{"taxonomy":"product_tag","embeddable":true,"href":"https:\/\/colorido.sklep.pl\/en\/wp-json\/wp\/v2\/product_tag?post=508173"}],"curies":[{"name":"wp","href":"https:\/\/api.w.org\/{rel}","templated":true}]}}