{"id":508171,"date":"2026-05-05T12:52:01","date_gmt":"2026-05-05T10:52:01","guid":{"rendered":"https:\/\/colorido.sklep.pl\/?post_type=product&#038;p=508171"},"modified":"2026-05-06T10:03:33","modified_gmt":"2026-05-06T08:03:33","slug":"alize-angora-gold-simli-kolor-58-granatowy","status":"publish","type":"product","link":"https:\/\/colorido.sklep.pl\/en\/product\/alize-angora-gold-simli-kolor-58-granatowy\/","title":{"rendered":"Alize ANGORA GOLD Simli | kolor 58 | granatowy"},"content":{"rendered":"<section class=\"text-token-text-primary w-full focus:outline-none [--shadow-height:45px] has-data-writing-block:pointer-events-none has-data-writing-block:-mt-(--shadow-height) has-data-writing-block:pt-(--shadow-height) [&amp;:has([data-writing-block])&gt;*]:pointer-events-auto [content-visibility:auto] supports-[content-visibility:auto]:[contain-intrinsic-size:auto_100lvh] R6Vx5W_threadScrollVars scroll-mb-[calc(var(--scroll-root-safe-area-inset-bottom,0px)+var(--thread-response-height))] scroll-mt-[calc(var(--header-height)+min(200px,max(70px,20svh)))]\" dir=\"auto\" data-turn-id=\"request-WEB:47e04221-d8ea-4ce1-9311-bbc1a291642b-4\" data-testid=\"conversation-turn-10\" data-scroll-anchor=\"false\" data-turn=\"assistant\">\n<div class=\"text-base my-auto mx-auto pb-10 [--thread-content-margin:var(--thread-content-margin-xs,calc(var(--spacing)*4))] @w-sm\/main:[--thread-content-margin:var(--thread-content-margin-sm,calc(var(--spacing)*6))] @w-lg\/main:[--thread-content-margin:var(--thread-content-margin-lg,calc(var(--spacing)*16))] px-(--thread-content-margin)\">\n<div class=\"[--thread-content-max-width:40rem] @w-lg\/main:[--thread-content-max-width:48rem] mx-auto max-w-(--thread-content-max-width) flex-1 group\/turn-messages focus-visible:outline-hidden relative flex w-full min-w-0 flex-col agent-turn\">\n<div class=\"flex max-w-full flex-col gap-4 grow\">\n<div class=\"min-h-8 text-message relative flex w-full flex-col items-end gap-2 text-start break-words whitespace-normal outline-none keyboard-focused:focus-ring [.text-message+&amp;]:mt-1\" dir=\"auto\" tabindex=\"0\" data-message-author-role=\"assistant\" data-message-id=\"74f62e1b-ad13-43f8-a4bc-8fd58b0de55d\" data-turn-start-message=\"true\" data-message-model-slug=\"gpt-5-3\">\n<div class=\"flex w-full flex-col gap-1 empty:hidden\">\n<div class=\"markdown prose dark:prose-invert w-full wrap-break-word dark markdown-new-styling\">\n<p data-start=\"0\" data-end=\"56\"><strong data-start=\"0\" data-end=\"56\">Alize Angora Gold Simli \u2013 cienka w\u0142\u00f3czka z po\u0142yskiem<\/strong><\/p>\n<p data-start=\"58\" data-end=\"327\">Alize Angora Gold Simli to dekoracyjna w\u0142\u00f3czka o lekkiej, delikatnie puszystej strukturze, wzbogacona subteln\u0105 metalizowan\u0105 nitk\u0105. Dzi\u0119ki temu gotowa dzianina zyskuje elegancki, lekko b\u0142yszcz\u0105cy efekt, kt\u00f3ry sprawdza si\u0119 szczeg\u00f3lnie w bardziej \u201ewyj\u015bciowych\u201d projektach.<\/p>\n<p data-start=\"329\" data-end=\"579\">Baz\u0119 stanowi mieszanka akrylu i we\u0142ny, co zapewnia mi\u0119kko\u015b\u0107 oraz komfort noszenia, a jednocze\u015bnie dobr\u0105 trwa\u0142o\u015b\u0107. Cienka, bardzo wydajna ni\u0107 pozwala na tworzenie lekkich, zwiewnych wyrob\u00f3w bez efektu ci\u0119\u017cko\u015bci.<\/p>\n<p data-start=\"581\" data-end=\"836\">W\u0142\u00f3czka dobrze uk\u0142ada si\u0119 na drutach i szyde\u0142ku, a jej delikatny w\u0142osek dodaje dzianinie mi\u0119kko\u015bci i obj\u0119to\u015bci. Metaliczna nitka jest wpleciona r\u00f3wnomiernie, dzi\u0119ki czemu efekt po\u0142ysku jest subtelny, a nie nachalny.<\/p>\n<p data-start=\"838\" data-end=\"852\"><strong data-start=\"838\" data-end=\"852\">Parametry:<\/strong><\/p>\n<ul data-start=\"853\" data-end=\"1039\">\n<li data-section-id=\"1f9nxug\" data-start=\"853\" data-end=\"905\">sk\u0142ad: 75% akryl, 20% we\u0142na, 5% nitka metaliczna<\/li>\n<li data-section-id=\"skqqvo\" data-start=\"906\" data-end=\"921\">waga: 100 g<\/li>\n<li data-section-id=\"s9srd3\" data-start=\"922\" data-end=\"944\">d\u0142ugo\u015b\u0107: ok. 500 m<\/li>\n<li data-section-id=\"15zv25t\" data-start=\"945\" data-end=\"971\">zalecane druty: 3\u20136 mm<\/li>\n<li data-section-id=\"19at2eu\" data-start=\"972\" data-end=\"1039\">zalecane szyde\u0142ko: 2\u20134 mm<\/li>\n<\/ul>\n<p data-start=\"1041\" data-end=\"1152\">W\u0142\u00f3czka idealnie nadaje si\u0119 na chusty, lekkie swetry, narzutki oraz projekty o bardziej eleganckim charakterze.<\/p>\n<\/div>\n<\/div>\n<\/div>\n<\/div>\n<div class=\"z-0 flex min-h-[46px] justify-start\"><\/div>\n<div class=\"mt-3 w-full empty:hidden\">\n<div class=\"text-center\"><\/div>\n<\/div>\n<\/div>\n<\/div>\n<\/section>\n<div class=\"pointer-events-none -mt-px h-px translate-y-[calc(var(--scroll-root-safe-area-inset-bottom)-14*var(--spacing))]\" aria-hidden=\"true\"><\/div>\n","protected":false},"excerpt":{"rendered":"<p>Alize Angora Gold Simli \u2013 cienka w\u0142\u00f3czka z po\u0142yskiem Alize Angora Gold Simli to dekoracyjna w\u0142\u00f3czka o lekkiej, delikatnie puszystej strukturze, wzbogacona subteln\u0105 metalizowan\u0105 nitk\u0105. Dzi\u0119ki temu gotowa dzianina zyskuje elegancki, lekko b\u0142yszcz\u0105cy efekt, kt\u00f3ry sprawdza si\u0119 szczeg\u00f3lnie w bardziej \u201ewyj\u015bciowych\u201d projektach. Baz\u0119 stanowi mieszanka akrylu i we\u0142ny, co zapewnia mi\u0119kko\u015b\u0107 oraz komfort noszenia, a &hellip;<\/p>\n<p class=\"read-more\"> <a class=\"\" href=\"https:\/\/colorido.sklep.pl\/en\/product\/alize-angora-gold-simli-kolor-58-granatowy\/\"> <span class=\"screen-reader-text\">Alize ANGORA GOLD Simli | kolor 58 | granatowy<\/span> Read More &raquo;<\/a><\/p>","protected":false},"featured_media":508172,"comment_status":"open","ping_status":"closed","template":"","meta":{"site-sidebar-layout":"default","site-content-layout":"default","ast-global-header-display":"","ast-banner-title-visibility":"","ast-main-header-display":"","ast-hfb-above-header-display":"","ast-hfb-below-header-display":"","ast-hfb-mobile-header-display":"","site-post-title":"","ast-breadcrumbs-content":"","ast-featured-img":"","footer-sml-layout":"","theme-transparent-header-meta":"default","adv-header-id-meta":"","stick-header-meta":"","header-above-stick-meta":"","header-main-stick-meta":"","header-below-stick-meta":""},"product_brand":[],"product_cat":[337],"product_tag":[],"class_list":{"0":"post-508171","1":"product","2":"type-product","3":"status-publish","4":"has-post-thumbnail","6":"product_cat-wloczki-od-reki","8":"first","9":"instock","10":"sale","11":"taxable","12":"shipping-taxable","13":"purchasable","14":"product-type-simple"},"_links":{"self":[{"href":"https:\/\/colorido.sklep.pl\/en\/wp-json\/wp\/v2\/product\/508171","targetHints":{"allow":["GET"]}}],"collection":[{"href":"https:\/\/colorido.sklep.pl\/en\/wp-json\/wp\/v2\/product"}],"about":[{"href":"https:\/\/colorido.sklep.pl\/en\/wp-json\/wp\/v2\/types\/product"}],"replies":[{"embeddable":true,"href":"https:\/\/colorido.sklep.pl\/en\/wp-json\/wp\/v2\/comments?post=508171"}],"wp:featuredmedia":[{"embeddable":true,"href":"https:\/\/colorido.sklep.pl\/en\/wp-json\/wp\/v2\/media\/508172"}],"wp:attachment":[{"href":"https:\/\/colorido.sklep.pl\/en\/wp-json\/wp\/v2\/media?parent=508171"}],"wp:term":[{"taxonomy":"product_brand","embeddable":true,"href":"https:\/\/colorido.sklep.pl\/en\/wp-json\/wp\/v2\/product_brand?post=508171"},{"taxonomy":"product_cat","embeddable":true,"href":"https:\/\/colorido.sklep.pl\/en\/wp-json\/wp\/v2\/product_cat?post=508171"},{"taxonomy":"product_tag","embeddable":true,"href":"https:\/\/colorido.sklep.pl\/en\/wp-json\/wp\/v2\/product_tag?post=508171"}],"curies":[{"name":"wp","href":"https:\/\/api.w.org\/{rel}","templated":true}]}}