{"id":508157,"date":"2026-05-05T12:08:32","date_gmt":"2026-05-05T10:08:32","guid":{"rendered":"https:\/\/colorido.sklep.pl\/?post_type=product&#038;p=508157"},"modified":"2026-05-05T12:10:01","modified_gmt":"2026-05-05T10:10:01","slug":"opus-natura-bambino-anti-pilling-kolor-804-szary","status":"publish","type":"product","link":"https:\/\/colorido.sklep.pl\/en\/product\/opus-natura-bambino-anti-pilling-kolor-804-szary\/","title":{"rendered":"Opus Natura BAMBINO ANTI-PILLING | kolor 804 | szary"},"content":{"rendered":"<div class=\"relative basis-auto flex-col -mb-(--composer-overlap-px) pb-(--composer-overlap-px) [--composer-overlap-px:28px] grow flex\">\n<div class=\"flex flex-col text-sm\">\n<section class=\"text-token-text-primary w-full focus:outline-none [--shadow-height:45px] has-data-writing-block:pointer-events-none has-data-writing-block:-mt-(--shadow-height) has-data-writing-block:pt-(--shadow-height) [&amp;:has([data-writing-block])&gt;*]:pointer-events-auto [content-visibility:auto] supports-[content-visibility:auto]:[contain-intrinsic-size:auto_100lvh] R6Vx5W_threadScrollVars scroll-mb-[calc(var(--scroll-root-safe-area-inset-bottom,0px)+var(--thread-response-height))] scroll-mt-[calc(var(--header-height)+min(200px,max(70px,20svh)))]\" dir=\"auto\" data-turn-id=\"request-WEB:47e04221-d8ea-4ce1-9311-bbc1a291642b-1\" data-testid=\"conversation-turn-4\" data-scroll-anchor=\"false\" data-turn=\"assistant\">\n<div class=\"text-base my-auto mx-auto pb-10 [--thread-content-margin:var(--thread-content-margin-xs,calc(var(--spacing)*4))] @w-sm\/main:[--thread-content-margin:var(--thread-content-margin-sm,calc(var(--spacing)*6))] @w-lg\/main:[--thread-content-margin:var(--thread-content-margin-lg,calc(var(--spacing)*16))] px-(--thread-content-margin)\">\n<div class=\"[--thread-content-max-width:40rem] @w-lg\/main:[--thread-content-max-width:48rem] mx-auto max-w-(--thread-content-max-width) flex-1 group\/turn-messages focus-visible:outline-hidden relative flex w-full min-w-0 flex-col agent-turn\">\n<div class=\"flex max-w-full flex-col gap-4 grow\">\n<div class=\"min-h-8 text-message relative flex w-full flex-col items-end gap-2 text-start break-words whitespace-normal outline-none keyboard-focused:focus-ring [.text-message+&amp;]:mt-1\" dir=\"auto\" tabindex=\"0\" data-message-author-role=\"assistant\" data-message-id=\"f4b38c68-9031-4b8c-af59-3b2682101774\" data-turn-start-message=\"true\" data-message-model-slug=\"gpt-5-3\">\n<div class=\"flex w-full flex-col gap-1 empty:hidden\">\n<div class=\"markdown prose dark:prose-invert w-full wrap-break-word dark markdown-new-styling\">\n<p data-start=\"0\" data-end=\"77\"><strong data-start=\"0\" data-end=\"77\">Opus Natura Bambino Anti-Pilling \u2013 mi\u0119kka w\u0142\u00f3czka o zwi\u0119kszonej trwa\u0142o\u015bci<\/strong><\/p>\n<p data-start=\"79\" data-end=\"426\">Opus Natura Bambino Anti-Pilling to uniwersalna w\u0142\u00f3czka akrylowa, zaprojektowana z my\u015bl\u0105 o codziennym u\u017cytkowaniu i wyrobach dzieci\u0119cych. Wykonana w 100% z akrylu poddanego specjalnej obr\u00f3bce, charakteryzuje si\u0119 zwi\u0119kszon\u0105 odporno\u015bci\u0105 na mechacenie, dzi\u0119ki czemu dzianina d\u0142u\u017cej zachowuje estetyczny wygl\u0105d.<\/p>\n<p data-start=\"428\" data-end=\"716\">Nietypowy splot i \u015brednia grubo\u015b\u0107 sprawiaj\u0105, \u017ce w\u0142\u00f3czka dobrze si\u0119 uk\u0142ada i jest \u0142atwa w pracy \u2013 zar\u00f3wno na drutach, jak i szyde\u0142ku. Materia\u0142 jest mi\u0119kki, niegryz\u0105cy i odpowiedni dla wra\u017cliwej sk\u00f3ry, co czyni go dobrym wyborem na wyroby dla dzieci.<\/p>\n<p data-start=\"718\" data-end=\"939\">Dzi\u0119ki w\u0142a\u015bciwo\u015bciom anti-pilling oraz mo\u017cliwo\u015bci prania w pralce, w\u0142\u00f3czka sprawdzi si\u0119 w projektach u\u017cytkowych \u2013 takich jak swetry, czapki, kocyki czy akcesoria codziennego u\u017cytku.<\/p>\n<p data-start=\"941\" data-end=\"1127\">Produkt posiada certyfikat <span class=\"hover:entity-accent entity-underline inline cursor-pointer align-baseline\"><span class=\"whitespace-normal\">OEKO-TEX<\/span><\/span>, co potwierdza bezpiecze\u0144stwo u\u017cytkowania r\u00f3wnie\u017c w przypadku wyrob\u00f3w dla dzieci.<\/p>\n<p data-start=\"1129\" data-end=\"1143\"><strong data-start=\"1129\" data-end=\"1143\">Parametry:<\/strong><\/p>\n<ul data-start=\"1144\" data-end=\"1274\">\n<li data-section-id=\"m5fzdf\" data-start=\"1144\" data-end=\"1180\">sk\u0142ad: 100% akryl (anti-pilling)<\/li>\n<li data-section-id=\"skqqvo\" data-start=\"1181\" data-end=\"1196\">waga: 100 g<\/li>\n<li data-section-id=\"1vwiach\" data-start=\"1197\" data-end=\"1215\">d\u0142ugo\u015b\u0107: 180 m<\/li>\n<li data-section-id=\"1whzn05\" data-start=\"1216\" data-end=\"1242\">zalecane druty: 4\u20135 mm<\/li>\n<li data-section-id=\"gj86zk\" data-start=\"1243\" data-end=\"1274\">zalecane szyde\u0142ko: ok. 4 mm<\/li>\n<\/ul>\n<p data-start=\"1276\" data-end=\"1389\">W\u0142\u00f3czka dost\u0119pna jest w szerokiej gamie kolor\u00f3w i nadaje si\u0119 zar\u00f3wno do projekt\u00f3w ca\u0142orocznych, jak i sezonowych.<\/p>\n<\/div>\n<\/div>\n<\/div>\n<\/div>\n<div class=\"z-0 flex min-h-[46px] justify-start\"><\/div>\n<div class=\"mt-3 w-full empty:hidden\">\n<div class=\"text-center\"><\/div>\n<\/div>\n<\/div>\n<\/div>\n<\/section>\n<div class=\"pointer-events-none -mt-px h-px translate-y-[calc(var(--scroll-root-safe-area-inset-bottom)-14*var(--spacing))]\" aria-hidden=\"true\"><\/div>\n<div class=\"pointer-events-none translate-y-(--scroll-root-safe-area-inset-bottom) R6Vx5W_threadScrollVars min-h-(--gutter-remaining-height,0px) group-data-stream-active\/scroll-root:h-[calc(var(--thread-response-height)-16*var(--spacing))]\"><\/div>\n<\/div>\n<\/div>\n<div id=\"thread-bottom-container\" class=\"sticky bottom-0 z-10 group\/thread-bottom-container relative isolate w-full basis-auto has-data-has-thread-error:pt-2 has-data-has-thread-error:[box-shadow:var(--sharp-edge-bottom-shadow)] md:border-transparent md:pt-0 dark:border-white\/20 md:dark:border-transparent print:hidden content-fade single-line flex flex-col\">\n<div class=\"relative mx-auto h-0\">\n<div class=\"flex h-0 items-end justify-center motion-safe:transition-all motion-safe:delay-300 motion-safe:duration-300 group-[:not([data-scroll-from-end])]\/scroll-root:scale-50 group-[:not([data-scroll-from-end])]\/scroll-root:translate-y-2 group-[:not([data-scroll-from-end])]\/scroll-root:opacity-0 group-[:not([data-scroll-from-end])]\/scroll-root:pointer-events-none group-[:not([data-scroll-from-end])]\/scroll-root:duration-100 group-[:not([data-scroll-from-end])]\/scroll-root:delay-0 absolute start-1\/2 z-10 -translate-x-1\/2 bottom-[calc(100%+6*var(--spacing)+var(--thread-scroll-to-bottom-banner-offset,0px))]\"><\/div>\n<\/div>\n<div id=\"thread-bottom\">\n<div>\n<div class=\"text-base mx-auto [--thread-content-margin:var(--thread-content-margin-xs,calc(var(--spacing)*4))] @w-sm\/main:[--thread-content-margin:var(--thread-content-margin-sm,calc(var(--spacing)*6))] @w-lg\/main:[--thread-content-margin:var(--thread-content-margin-lg,calc(var(--spacing)*16))] px-(--thread-content-margin)\">\n<div>\n<div class=\"[--thread-content-max-width:40rem] @w-lg\/main:[--thread-content-max-width:48rem] mx-auto max-w-(--thread-content-max-width) flex-1 mb-[var(--thread-component-gap,1rem)]\">\n<div class=\"flex justify-center empty:hidden\"><\/div>\n<div class=\"pointer-events-auto relative z-1 flex h-(--composer-container-height,100%) max-w-full flex-(--composer-container-flex,1) flex-col\">\n<div class=\"absolute start-0 end-0 bottom-full z-20\"><\/div>\n<form class=\"group\/composer w-full\" data-type=\"unified-composer\">\n<div class=\"hidden\"><input id=\"upload-files\" tabindex=\"-1\" multiple=\"multiple\" type=\"file\" \/><\/div>\n<div class=\"\">\n<div class=\"bg-token-bg-primary dark:bg-token-bg-elevated-primary dark-oled:bg-token-bg-primary corner-superellipse\/1.1 cursor-text overflow-clip bg-clip-padding p-2.5 contain-inline-size motion-safe:transition-colors motion-safe:duration-200 motion-safe:ease-in-out grid grid-cols-[auto_1fr_auto] [grid-template-areas:'header_header_header'_'leading_primary_trailing'_'._footer_.'] group-data-expanded\/composer:[grid-template-areas:'header_header_header'_'primary_primary_primary'_'leading_footer_trailing'] shadow-short-composer\" data-composer-surface=\"true\">\n<div class=\"[grid-area:leading]\"><\/div>\n<div class=\"-my-2.5 flex min-h-14 items-center overflow-x-hidden px-1.5 [grid-area:primary] group-data-expanded\/composer:mb-0 group-data-expanded\/composer:px-2.5\">\n<div class=\"wcDTda_prosemirror-parent text-token-text-primary max-h-[max(30svh,5rem)] max-h-52 min-h-[var(--deep-research-composer-extra-height,unset)] flex-1 overflow-auto [scrollbar-width:thin] default-browser vertical-scroll-fade-mask\">\n<p><textarea class=\"wcDTda_fallbackTextarea\" name=\"prompt-textarea\" autofocus=\"\" placeholder=\"Zapytaj o cokolwiek\" aria-label=\"Czatuj z ChatGPT\" data-virtualkeyboard=\"true\"><\/textarea><\/p>\n<div id=\"prompt-textarea\" class=\"ProseMirror\" role=\"textbox\" contenteditable=\"true\" translate=\"no\" data-virtualkeyboard=\"true\" aria-multiline=\"true\" aria-label=\"Czatuj z ChatGPT\"><\/div>\n<\/div>\n<\/div>\n<\/div>\n<\/div>\n<\/form>\n<\/div>\n<\/div>\n<\/div>\n<\/div>\n<\/div>\n<\/div>\n<\/div>\n","protected":false},"excerpt":{"rendered":"<p>Opus Natura Bambino Anti-Pilling \u2013 mi\u0119kka w\u0142\u00f3czka o zwi\u0119kszonej trwa\u0142o\u015bci Opus Natura Bambino Anti-Pilling to uniwersalna w\u0142\u00f3czka akrylowa, zaprojektowana z my\u015bl\u0105 o codziennym u\u017cytkowaniu i wyrobach dzieci\u0119cych. Wykonana w 100% z akrylu poddanego specjalnej obr\u00f3bce, charakteryzuje si\u0119 zwi\u0119kszon\u0105 odporno\u015bci\u0105 na mechacenie, dzi\u0119ki czemu dzianina d\u0142u\u017cej zachowuje estetyczny wygl\u0105d. Nietypowy splot i \u015brednia grubo\u015b\u0107 sprawiaj\u0105, \u017ce &hellip;<\/p>\n<p class=\"read-more\"> <a class=\"\" href=\"https:\/\/colorido.sklep.pl\/en\/product\/opus-natura-bambino-anti-pilling-kolor-804-szary\/\"> <span class=\"screen-reader-text\">Opus Natura BAMBINO ANTI-PILLING | kolor 804 | szary<\/span> Read More &raquo;<\/a><\/p>","protected":false},"featured_media":508158,"comment_status":"open","ping_status":"closed","template":"","meta":{"site-sidebar-layout":"default","site-content-layout":"default","ast-global-header-display":"","ast-banner-title-visibility":"","ast-main-header-display":"","ast-hfb-above-header-display":"","ast-hfb-below-header-display":"","ast-hfb-mobile-header-display":"","site-post-title":"","ast-breadcrumbs-content":"","ast-featured-img":"","footer-sml-layout":"","theme-transparent-header-meta":"default","adv-header-id-meta":"","stick-header-meta":"","header-above-stick-meta":"","header-main-stick-meta":"","header-below-stick-meta":""},"product_brand":[],"product_cat":[337],"product_tag":[],"class_list":{"0":"post-508157","1":"product","2":"type-product","3":"status-publish","4":"has-post-thumbnail","6":"product_cat-wloczki-od-reki","8":"first","9":"instock","10":"sale","11":"taxable","12":"shipping-taxable","13":"purchasable","14":"product-type-simple"},"_links":{"self":[{"href":"https:\/\/colorido.sklep.pl\/en\/wp-json\/wp\/v2\/product\/508157","targetHints":{"allow":["GET"]}}],"collection":[{"href":"https:\/\/colorido.sklep.pl\/en\/wp-json\/wp\/v2\/product"}],"about":[{"href":"https:\/\/colorido.sklep.pl\/en\/wp-json\/wp\/v2\/types\/product"}],"replies":[{"embeddable":true,"href":"https:\/\/colorido.sklep.pl\/en\/wp-json\/wp\/v2\/comments?post=508157"}],"wp:featuredmedia":[{"embeddable":true,"href":"https:\/\/colorido.sklep.pl\/en\/wp-json\/wp\/v2\/media\/508158"}],"wp:attachment":[{"href":"https:\/\/colorido.sklep.pl\/en\/wp-json\/wp\/v2\/media?parent=508157"}],"wp:term":[{"taxonomy":"product_brand","embeddable":true,"href":"https:\/\/colorido.sklep.pl\/en\/wp-json\/wp\/v2\/product_brand?post=508157"},{"taxonomy":"product_cat","embeddable":true,"href":"https:\/\/colorido.sklep.pl\/en\/wp-json\/wp\/v2\/product_cat?post=508157"},{"taxonomy":"product_tag","embeddable":true,"href":"https:\/\/colorido.sklep.pl\/en\/wp-json\/wp\/v2\/product_tag?post=508157"}],"curies":[{"name":"wp","href":"https:\/\/api.w.org\/{rel}","templated":true}]}}