{"id":508133,"date":"2026-05-05T11:24:33","date_gmt":"2026-05-05T09:24:33","guid":{"rendered":"https:\/\/colorido.sklep.pl\/?post_type=product&#038;p=508133"},"modified":"2026-05-05T11:24:33","modified_gmt":"2026-05-05T09:24:33","slug":"opus-natura-polo-kolor-237-sliwka","status":"publish","type":"product","link":"https:\/\/colorido.sklep.pl\/en\/product\/opus-natura-polo-kolor-237-sliwka\/","title":{"rendered":"Opus Natura POLO | kolor 237 | \u015bliwka"},"content":{"rendered":"<section class=\"text-token-text-primary w-full focus:outline-none [--shadow-height:45px] has-data-writing-block:pointer-events-none has-data-writing-block:-mt-(--shadow-height) has-data-writing-block:pt-(--shadow-height) [&amp;:has([data-writing-block])&gt;*]:pointer-events-auto [content-visibility:auto] supports-[content-visibility:auto]:[contain-intrinsic-size:auto_100lvh] R6Vx5W_threadScrollVars scroll-mb-[calc(var(--scroll-root-safe-area-inset-bottom,0px)+var(--thread-response-height))] scroll-mt-[calc(var(--header-height)+min(200px,max(70px,20svh)))]\" dir=\"auto\" data-turn-id=\"request-WEB:47e04221-d8ea-4ce1-9311-bbc1a291642b-0\" data-testid=\"conversation-turn-2\" data-scroll-anchor=\"false\" data-turn=\"assistant\">\n<div class=\"text-base my-auto mx-auto pb-10 [--thread-content-margin:var(--thread-content-margin-xs,calc(var(--spacing)*4))] @w-sm\/main:[--thread-content-margin:var(--thread-content-margin-sm,calc(var(--spacing)*6))] @w-lg\/main:[--thread-content-margin:var(--thread-content-margin-lg,calc(var(--spacing)*16))] px-(--thread-content-margin)\">\n<div class=\"[--thread-content-max-width:40rem] @w-lg\/main:[--thread-content-max-width:48rem] mx-auto max-w-(--thread-content-max-width) flex-1 group\/turn-messages focus-visible:outline-hidden relative flex w-full min-w-0 flex-col agent-turn\">\n<div class=\"flex max-w-full flex-col gap-4 grow\">\n<div class=\"min-h-8 text-message relative flex w-full flex-col items-end gap-2 text-start break-words whitespace-normal outline-none keyboard-focused:focus-ring [.text-message+&amp;]:mt-1\" dir=\"auto\" tabindex=\"0\" data-message-author-role=\"assistant\" data-message-id=\"5f5345ba-c71b-4cc6-a3dc-254a924a4d93\" data-message-model-slug=\"gpt-5-3\" data-turn-start-message=\"true\">\n<div class=\"flex w-full flex-col gap-1 empty:hidden\">\n<div class=\"markdown prose dark:prose-invert w-full wrap-break-word dark markdown-new-styling\">\n<p data-start=\"0\" data-end=\"62\"><strong data-start=\"0\" data-end=\"62\">Opus Natura Polo \u2013 w\u0142\u00f3czka uniwersalna na ch\u0142odniejsze dni<\/strong><\/p>\n<p data-start=\"64\" data-end=\"265\">W\u0142\u00f3czka Opus Natura Polo to klasyczna propozycja do rob\u00f3tek jesienno-zimowych. Po\u0142\u0105czenie 50% we\u0142ny i 50% akrylu zapewnia dobr\u0105 r\u00f3wnowag\u0119 mi\u0119dzy naturalnym ciep\u0142em a trwa\u0142o\u015bci\u0105 i \u0142atwo\u015bci\u0105 u\u017cytkowania.<\/p>\n<p data-start=\"267\" data-end=\"466\">\u015arednia grubo\u015b\u0107 oraz r\u00f3wnomierny skr\u0119t sprawiaj\u0105, \u017ce w\u0142\u00f3czka dobrze prowadzi si\u0119 zar\u00f3wno na drutach, jak i szyde\u0142ku. Dzianina jest elastyczna, przyjemna w dotyku i zachowuje stabilno\u015b\u0107 w u\u017cytkowaniu.<\/p>\n<p data-start=\"468\" data-end=\"606\">Produkt posiada certyfikat <span class=\"hover:entity-accent entity-underline inline cursor-pointer align-baseline\"><span class=\"whitespace-normal\">OEKO-TEX<\/span><\/span>, co potwierdza bezpiecze\u0144stwo u\u017cytkowania, r\u00f3wnie\u017c w wyrobach dla dzieci.<\/p>\n<p data-start=\"608\" data-end=\"622\"><strong data-start=\"608\" data-end=\"622\">Parametry:<\/strong><\/p>\n<ul data-start=\"623\" data-end=\"710\">\n<li data-section-id=\"vspdzn\" data-start=\"623\" data-end=\"654\">sk\u0142ad: 50% we\u0142na, 50% akryl<\/li>\n<li data-section-id=\"skqqvo\" data-start=\"655\" data-end=\"670\">waga: 100 g<\/li>\n<li data-section-id=\"q76vvu\" data-start=\"671\" data-end=\"689\">d\u0142ugo\u015b\u0107: 200 m<\/li>\n<li data-section-id=\"1oyn86l\" data-start=\"690\" data-end=\"710\">grubo\u015b\u0107: \u015brednia<\/li>\n<\/ul>\n<p data-start=\"712\" data-end=\"802\" data-is-last-node=\"\" data-is-only-node=\"\">W\u0142\u00f3czka sprawdzi si\u0119 w projektach takich jak swetry, czapki, szaliki czy odzie\u017c dzieci\u0119ca.<\/p>\n<\/div>\n<\/div>\n<\/div>\n<\/div>\n<div class=\"z-0 flex min-h-[46px] justify-start\"><\/div>\n<div class=\"mt-3 w-full empty:hidden\">\n<div class=\"text-center\"><\/div>\n<\/div>\n<\/div>\n<\/div>\n<\/section>\n<div class=\"pointer-events-none -mt-px h-px translate-y-[calc(var(--scroll-root-safe-area-inset-bottom)-14*var(--spacing))]\" aria-hidden=\"true\"><\/div>\n","protected":false},"excerpt":{"rendered":"<p>Opus Natura Polo \u2013 w\u0142\u00f3czka uniwersalna na ch\u0142odniejsze dni W\u0142\u00f3czka Opus Natura Polo to klasyczna propozycja do rob\u00f3tek jesienno-zimowych. Po\u0142\u0105czenie 50% we\u0142ny i 50% akrylu zapewnia dobr\u0105 r\u00f3wnowag\u0119 mi\u0119dzy naturalnym ciep\u0142em a trwa\u0142o\u015bci\u0105 i \u0142atwo\u015bci\u0105 u\u017cytkowania. \u015arednia grubo\u015b\u0107 oraz r\u00f3wnomierny skr\u0119t sprawiaj\u0105, \u017ce w\u0142\u00f3czka dobrze prowadzi si\u0119 zar\u00f3wno na drutach, jak i szyde\u0142ku. Dzianina jest &hellip;<\/p>\n<p class=\"read-more\"> <a class=\"\" href=\"https:\/\/colorido.sklep.pl\/en\/product\/opus-natura-polo-kolor-237-sliwka\/\"> <span class=\"screen-reader-text\">Opus Natura POLO | kolor 237 | \u015bliwka<\/span> Read More &raquo;<\/a><\/p>","protected":false},"featured_media":508134,"comment_status":"open","ping_status":"closed","template":"","meta":{"site-sidebar-layout":"default","site-content-layout":"default","ast-global-header-display":"","ast-banner-title-visibility":"","ast-main-header-display":"","ast-hfb-above-header-display":"","ast-hfb-below-header-display":"","ast-hfb-mobile-header-display":"","site-post-title":"","ast-breadcrumbs-content":"","ast-featured-img":"","footer-sml-layout":"","theme-transparent-header-meta":"default","adv-header-id-meta":"","stick-header-meta":"","header-above-stick-meta":"","header-main-stick-meta":"","header-below-stick-meta":""},"product_brand":[],"product_cat":[337],"product_tag":[],"class_list":{"0":"post-508133","1":"product","2":"type-product","3":"status-publish","4":"has-post-thumbnail","6":"product_cat-wloczki-od-reki","8":"first","9":"instock","10":"sale","11":"taxable","12":"shipping-taxable","13":"purchasable","14":"product-type-simple"},"_links":{"self":[{"href":"https:\/\/colorido.sklep.pl\/en\/wp-json\/wp\/v2\/product\/508133","targetHints":{"allow":["GET"]}}],"collection":[{"href":"https:\/\/colorido.sklep.pl\/en\/wp-json\/wp\/v2\/product"}],"about":[{"href":"https:\/\/colorido.sklep.pl\/en\/wp-json\/wp\/v2\/types\/product"}],"replies":[{"embeddable":true,"href":"https:\/\/colorido.sklep.pl\/en\/wp-json\/wp\/v2\/comments?post=508133"}],"wp:featuredmedia":[{"embeddable":true,"href":"https:\/\/colorido.sklep.pl\/en\/wp-json\/wp\/v2\/media\/508134"}],"wp:attachment":[{"href":"https:\/\/colorido.sklep.pl\/en\/wp-json\/wp\/v2\/media?parent=508133"}],"wp:term":[{"taxonomy":"product_brand","embeddable":true,"href":"https:\/\/colorido.sklep.pl\/en\/wp-json\/wp\/v2\/product_brand?post=508133"},{"taxonomy":"product_cat","embeddable":true,"href":"https:\/\/colorido.sklep.pl\/en\/wp-json\/wp\/v2\/product_cat?post=508133"},{"taxonomy":"product_tag","embeddable":true,"href":"https:\/\/colorido.sklep.pl\/en\/wp-json\/wp\/v2\/product_tag?post=508133"}],"curies":[{"name":"wp","href":"https:\/\/api.w.org\/{rel}","templated":true}]}}