{"id":508131,"date":"2026-05-04T14:25:37","date_gmt":"2026-05-04T12:25:37","guid":{"rendered":"https:\/\/colorido.sklep.pl\/?post_type=product&#038;p=508131"},"modified":"2026-05-04T14:26:15","modified_gmt":"2026-05-04T12:26:15","slug":"wloczka-delicato-320m-55g-kakao","status":"publish","type":"product","link":"https:\/\/colorido.sklep.pl\/en\/product\/wloczka-delicato-320m-55g-kakao\/","title":{"rendered":"W\u0142\u00f3czka DELICATO | 320m | 55g | KAKAO"},"content":{"rendered":"<section class=\"text-token-text-primary w-full focus:outline-none [--shadow-height:45px] has-data-writing-block:pointer-events-none has-data-writing-block:-mt-(--shadow-height) has-data-writing-block:pt-(--shadow-height) [&amp;:has([data-writing-block])&gt;*]:pointer-events-auto [content-visibility:auto] supports-[content-visibility:auto]:[contain-intrinsic-size:auto_100lvh] R6Vx5W_threadScrollVars scroll-mb-[calc(var(--scroll-root-safe-area-inset-bottom,0px)+var(--thread-response-height))] scroll-mt-[calc(var(--header-height)+min(200px,max(70px,20svh)))]\" dir=\"auto\" data-turn-id=\"request-WEB:03a2ff30-761d-4eff-9a0c-647c60ac08dc-1\" data-testid=\"conversation-turn-4\" data-scroll-anchor=\"false\" data-turn=\"assistant\">\n<div class=\"text-base my-auto mx-auto pb-10 [--thread-content-margin:var(--thread-content-margin-xs,calc(var(--spacing)*4))] @w-sm\/main:[--thread-content-margin:var(--thread-content-margin-sm,calc(var(--spacing)*6))] @w-lg\/main:[--thread-content-margin:var(--thread-content-margin-lg,calc(var(--spacing)*16))] px-(--thread-content-margin)\">\n<div class=\"[--thread-content-max-width:40rem] @w-lg\/main:[--thread-content-max-width:48rem] mx-auto max-w-(--thread-content-max-width) flex-1 group\/turn-messages focus-visible:outline-hidden relative flex w-full min-w-0 flex-col agent-turn\">\n<div class=\"flex max-w-full flex-col gap-4 grow\">\n<div class=\"min-h-8 text-message relative flex w-full flex-col items-end gap-2 text-start break-words whitespace-normal outline-none keyboard-focused:focus-ring [.text-message+&amp;]:mt-1\" dir=\"auto\" tabindex=\"0\" data-message-author-role=\"assistant\" data-message-id=\"3c557202-b7b6-467d-b8ce-62418cf4f750\" data-message-model-slug=\"gpt-5-3\" data-turn-start-message=\"true\">\n<div class=\"flex w-full flex-col gap-1 empty:hidden\">\n<div class=\"markdown prose dark:prose-invert w-full wrap-break-word dark markdown-new-styling\">\n<p data-start=\"0\" data-end=\"44\"><strong data-start=\"0\" data-end=\"21\">Colorido Delicato<\/strong> \u2013 w\u0142\u00f3czka mieszankowa.<\/p>\n<ul data-start=\"46\" data-end=\"170\">\n<li data-section-id=\"jaqbkf\" data-start=\"46\" data-end=\"95\">sk\u0142ad: 8% we\u0142na, 16% poliamid (PA), 76% akryl<\/li>\n<li data-section-id=\"196egz\" data-start=\"96\" data-end=\"118\">d\u0142ugo\u015b\u0107: ok. 320 m<\/li>\n<li data-section-id=\"kf4fxo\" data-start=\"119\" data-end=\"137\">waga: ok. 55 g<\/li>\n<li data-section-id=\"hrdscm\" data-start=\"138\" data-end=\"170\">typ: cienka nitka pojedyncza<\/li>\n<\/ul>\n<p data-start=\"172\" data-end=\"227\" data-is-last-node=\"\" data-is-only-node=\"\">W\u0142\u00f3czka przeznaczona do dzianin r\u0119cznych i maszynowych.<\/p>\n<\/div>\n<\/div>\n<\/div>\n<\/div>\n<div class=\"z-0 flex min-h-[46px] justify-start\"><\/div>\n<div class=\"mt-3 w-full empty:hidden\">\n<div class=\"text-center\"><\/div>\n<\/div>\n<\/div>\n<\/div>\n<\/section>\n<div class=\"pointer-events-none -mt-px h-px translate-y-[calc(var(--scroll-root-safe-area-inset-bottom)-14*var(--spacing))]\" aria-hidden=\"true\"><\/div>\n","protected":false},"excerpt":{"rendered":"<p>Colorido Delicato \u2013 w\u0142\u00f3czka mieszankowa. sk\u0142ad: 8% we\u0142na, 16% poliamid (PA), 76% akryl d\u0142ugo\u015b\u0107: ok. 320 m waga: ok. 55 g typ: cienka nitka pojedyncza W\u0142\u00f3czka przeznaczona do dzianin r\u0119cznych i maszynowych.<\/p>","protected":false},"featured_media":508122,"comment_status":"open","ping_status":"closed","template":"","meta":{"site-sidebar-layout":"default","site-content-layout":"default","ast-global-header-display":"","ast-banner-title-visibility":"","ast-main-header-display":"","ast-hfb-above-header-display":"","ast-hfb-below-header-display":"","ast-hfb-mobile-header-display":"","site-post-title":"","ast-breadcrumbs-content":"","ast-featured-img":"","footer-sml-layout":"","theme-transparent-header-meta":"default","adv-header-id-meta":"","stick-header-meta":"","header-above-stick-meta":"","header-main-stick-meta":"","header-below-stick-meta":""},"product_brand":[],"product_cat":[337],"product_tag":[],"class_list":{"0":"post-508131","1":"product","2":"type-product","3":"status-publish","4":"has-post-thumbnail","6":"product_cat-wloczki-od-reki","8":"first","9":"instock","10":"sale","11":"taxable","12":"shipping-taxable","13":"purchasable","14":"product-type-simple"},"_links":{"self":[{"href":"https:\/\/colorido.sklep.pl\/en\/wp-json\/wp\/v2\/product\/508131","targetHints":{"allow":["GET"]}}],"collection":[{"href":"https:\/\/colorido.sklep.pl\/en\/wp-json\/wp\/v2\/product"}],"about":[{"href":"https:\/\/colorido.sklep.pl\/en\/wp-json\/wp\/v2\/types\/product"}],"replies":[{"embeddable":true,"href":"https:\/\/colorido.sklep.pl\/en\/wp-json\/wp\/v2\/comments?post=508131"}],"wp:featuredmedia":[{"embeddable":true,"href":"https:\/\/colorido.sklep.pl\/en\/wp-json\/wp\/v2\/media\/508122"}],"wp:attachment":[{"href":"https:\/\/colorido.sklep.pl\/en\/wp-json\/wp\/v2\/media?parent=508131"}],"wp:term":[{"taxonomy":"product_brand","embeddable":true,"href":"https:\/\/colorido.sklep.pl\/en\/wp-json\/wp\/v2\/product_brand?post=508131"},{"taxonomy":"product_cat","embeddable":true,"href":"https:\/\/colorido.sklep.pl\/en\/wp-json\/wp\/v2\/product_cat?post=508131"},{"taxonomy":"product_tag","embeddable":true,"href":"https:\/\/colorido.sklep.pl\/en\/wp-json\/wp\/v2\/product_tag?post=508131"}],"curies":[{"name":"wp","href":"https:\/\/api.w.org\/{rel}","templated":true}]}}