{"id":479,"date":"2023-08-04T10:48:26","date_gmt":"2023-08-04T08:48:26","guid":{"rendered":"https:\/\/colorido-shop.com\/?page_id=479"},"modified":"2023-11-24T03:16:16","modified_gmt":"2023-11-24T02:16:16","slug":"polityka-prywatnosci-2","status":"publish","type":"page","link":"https:\/\/colorido.sklep.pl\/en\/polityka-prywatnosci-2\/","title":{"rendered":"Polityka prywatno\u015bci"},"content":{"rendered":"<div data-elementor-type=\"wp-page\" data-elementor-id=\"479\" class=\"elementor elementor-479\" data-elementor-post-type=\"page\">\n\t\t\t\t\t\t<section class=\"elementor-section elementor-top-section elementor-element elementor-element-5291fae elementor-section-content-middle elementor-section-boxed elementor-section-height-default elementor-section-height-default\" data-id=\"5291fae\" data-element_type=\"section\" data-e-type=\"section\" data-settings=\"{&quot;background_background&quot;:&quot;classic&quot;}\">\n\t\t\t\t\t\t<div class=\"elementor-container elementor-column-gap-default\">\n\t\t\t\t\t<div class=\"elementor-column elementor-col-50 elementor-top-column elementor-element elementor-element-493f39e\" data-id=\"493f39e\" data-element_type=\"column\" data-e-type=\"column\">\n\t\t\t<div class=\"elementor-widget-wrap elementor-element-populated\">\n\t\t\t\t\t\t<div class=\"elementor-element elementor-element-8392bd3 animated-fast elementor-invisible elementor-widget elementor-widget-heading\" data-id=\"8392bd3\" data-element_type=\"widget\" data-e-type=\"widget\" data-settings=\"{&quot;_animation&quot;:&quot;fadeInDown&quot;}\" data-widget_type=\"heading.default\">\n\t\t\t\t<div class=\"elementor-widget-container\">\n\t\t\t\t\t<h2 class=\"elementor-heading-title elementor-size-default\">Polityka prywatno\u015bci sklepu COLORIDO.SKLEP.PL<\/h2>\t\t\t\t<\/div>\n\t\t\t\t<\/div>\n\t\t\t\t\t<\/div>\n\t\t<\/div>\n\t\t\t\t<div class=\"elementor-column elementor-col-50 elementor-top-column elementor-element elementor-element-00caaf9\" data-id=\"00caaf9\" data-element_type=\"column\" data-e-type=\"column\">\n\t\t\t<div class=\"elementor-widget-wrap elementor-element-populated\">\n\t\t\t\t\t\t<div class=\"elementor-element elementor-element-0c22f91 elementor-widget elementor-widget-image\" data-id=\"0c22f91\" data-element_type=\"widget\" data-e-type=\"widget\" data-widget_type=\"image.default\">\n\t\t\t\t<div class=\"elementor-widget-container\">\n\t\t\t\t\t\t\t\t\t\t\t\t\t\t\t<img decoding=\"async\" src=\"https:\/\/colorido-shop.com\/wp-content\/uploads\/2023\/08\/private.png\" title=\"\" alt=\"\" loading=\"lazy\" \/>\t\t\t\t\t\t\t\t\t\t\t\t\t\t\t<\/div>\n\t\t\t\t<\/div>\n\t\t\t\t\t<\/div>\n\t\t<\/div>\n\t\t\t\t\t<\/div>\n\t\t<\/section>\n\t\t\t\t<section class=\"elementor-section elementor-top-section elementor-element elementor-element-ad80c8c elementor-section-boxed elementor-section-height-default elementor-section-height-default\" data-id=\"ad80c8c\" data-element_type=\"section\" data-e-type=\"section\">\n\t\t\t\t\t\t<div class=\"elementor-container elementor-column-gap-default\">\n\t\t\t\t\t<div class=\"elementor-column elementor-col-100 elementor-top-column elementor-element elementor-element-e0c150a\" data-id=\"e0c150a\" data-element_type=\"column\" data-e-type=\"column\">\n\t\t\t<div class=\"elementor-widget-wrap elementor-element-populated\">\n\t\t\t\t\t\t<div class=\"elementor-element elementor-element-f28c9d7 elementor-widget elementor-widget-text-editor\" data-id=\"f28c9d7\" data-element_type=\"widget\" data-e-type=\"widget\" data-widget_type=\"text-editor.default\">\n\t\t\t\t<div class=\"elementor-widget-container\">\n\t\t\t\t\t\t\t\t\t<p><span style=\"font-family: Times New Roman, serif;\"><span style=\"font-size: medium;\"><b>I. Postanowienia og\u00f3lne<\/b><\/span><\/span><\/p><ol><li><p><span style=\"font-family: Times New Roman, serif;\"><span style=\"font-size: medium;\">Polityka prywatno\u015bci okre\u015bla, jak zbierane, przetwarzane i przechowywane s\u0105 dane osobowe U\u017cytkownik\u00f3w niezb\u0119dne do \u015bwiadczenia us\u0142ug drog\u0105 elektroniczn\u0105 za po\u015brednictwem serwisu internetowego colorido-shop.com (dalej: Serwis).<\/span><\/span><\/p><\/li><li><p><span style=\"font-family: Times New Roman, serif;\"><span style=\"font-size: medium;\">Serwis zbiera wy\u0142\u0105cznie dane osobowe niezb\u0119dne do \u015bwiadczenia i rozwoju us\u0142ug w nim oferowanych.<\/span><\/span><\/p><\/li><li><p><span style=\"font-family: Times New Roman, serif;\"><span style=\"font-size: medium;\">Dane osobowe zbierane za po\u015brednictwem Serwisu s\u0105 przetwarzane zgodnie z\u00a0Rozporz\u0105dzeniem Parlamentu Europejskiego i\u00a0Rady (UE) 2016\/679 z\u00a0dnia 27 kwietnia 2016 r. w\u00a0sprawie ochrony os\u00f3b fizycznych w\u00a0zwi\u0105zku z\u00a0przetwarzaniem danych osobowych i\u00a0w sprawie swobodnego przep\u0142ywu takich danych oraz uchylenia dyrektywy 95\/46\/WE (og\u00f3lne rozporz\u0105dzenie o\u00a0ochronie danych, dalej RODO) oraz ustaw\u0105 o ochronie danych osobowych z dnia 10 maja 2018 r.<\/span><\/span><\/p><\/li><\/ol><p><span style=\"font-family: Times New Roman, serif;\"><span style=\"font-size: medium;\">II. Administrator danych<\/span><\/span><\/p><p><span style=\"font-family: Times New Roman, serif;\"><span style=\"font-size: medium;\">Administratorem danych osobowych zbieranych poprzez Serwis jest Anna \u0141azarewicz reprezentuj\u0105ca firm\u0119 QUICK CLEAN ANNA \u0141AZAREWICZ, adres: ul. Kopa\u0144skiego 14, 51-210 Wroc\u0142aw, NIP: 896-146-40-93, REGON: 383942082, adres poczty elektronicznej: colorido.sklep@gmail.com (dalej: Administrator).<\/span><\/span><\/p><p><span style=\"font-family: Times New Roman, serif;\"><span style=\"font-size: medium;\">III. Cel zbierania danych osobowych<\/span><\/span><\/p><ol><li><p><span style=\"font-family: Times New Roman, serif;\"><span style=\"font-size: medium;\">Dane osobowe wykorzystywane s\u0105 w celu: <\/span><\/span><\/p><ul><li><p><span style=\"font-family: Times New Roman, serif;\"><span style=\"font-size: medium;\">rejestracji konta i weryfikacji to\u017csamo\u015bci U\u017cytkownika,<\/span><\/span><\/p><\/li><li><p><span style=\"font-family: Times New Roman, serif;\"><span style=\"font-size: medium;\">umo\u017cliwienia logowania do Serwisu,<\/span><\/span><\/p><\/li><li><p><span style=\"font-family: Times New Roman, serif;\"><span style=\"font-size: medium;\">realizacji umowy dotycz\u0105cej us\u0142ug i e-us\u0142ug,<\/span><\/span><\/p><\/li><li><p><span style=\"font-family: Times New Roman, serif;\"><span style=\"font-size: medium;\">komunikacji z U\u017cytkownikiem (livechat, formularz kontaktowy itp.)<\/span><\/span><\/p><\/li><li><p><span style=\"font-family: Times New Roman, serif;\"><span style=\"font-size: medium;\">wysy\u0142ki newslettera (po wyra\u017ceniu zgody U\u017cytkownika na jego otrzymywanie),<\/span><\/span><\/p><\/li><li><p><span style=\"font-family: Times New Roman, serif;\"><span style=\"font-size: medium;\">prowadzenia systemu komentarzy,<\/span><\/span><\/p><\/li><li><p><span style=\"font-family: Times New Roman, serif;\"><span style=\"font-size: medium;\">\u015bwiadczenia us\u0142ug spo\u0142eczno\u015bciowych,<\/span><\/span><\/p><\/li><li><p><span style=\"font-family: Times New Roman, serif;\"><span style=\"font-size: medium;\">promocji oferty Administratora,<\/span><\/span><\/p><\/li><li><p><span style=\"font-family: Times New Roman, serif;\"><span style=\"font-size: medium;\">marketingu, remarketingu, afiliacji,<\/span><\/span><\/p><\/li><li><p><span style=\"font-family: Times New Roman, serif;\"><span style=\"font-size: medium;\">personalizacji Serwisu dla U\u017cytkownik\u00f3w,<\/span><\/span><\/p><\/li><li><p><span style=\"font-family: Times New Roman, serif;\"><span style=\"font-size: medium;\">dzia\u0142a\u0144 analitycznych i statystycznych,<\/span><\/span><\/p><\/li><li><p><span style=\"font-family: Times New Roman, serif;\"><span style=\"font-size: medium;\">windykacji nale\u017cno\u015bci,<\/span><\/span><\/p><\/li><li><p><span style=\"font-family: Times New Roman, serif;\"><span style=\"font-size: medium;\">ustalenia i dochodzenia roszcze\u0144\u00a0albo obrony przed nimi.<\/span><\/span><\/p><\/li><\/ul><\/li><li><p><span style=\"font-family: Times New Roman, serif;\"><span style=\"font-size: medium;\">Podanie danych jest dobrowolne, ale niezb\u0119dne do zawarcia umowy albo skorzystania z innych funkcjonalno\u015bci Serwisu.<\/span><\/span><\/p><\/li><\/ol><p><span style=\"font-family: Times New Roman, serif;\"><span style=\"font-size: medium;\"><b>IV. Rodzaj przetwarzanych danych osobowych<\/b><\/span><\/span><\/p><p><span style=\"font-family: Times New Roman, serif;\"><span style=\"font-size: medium;\">Administrator mo\u017ce przetwarza\u0107\u00a0dane osobowe U\u017cytkownika: imi\u0119 i nazwisko, adres zamieszkania, adres e-mail, numer telefonu, NIP.<\/span><\/span><\/p><p><span style=\"font-family: Times New Roman, serif;\"><span style=\"font-size: medium;\"><b>V. Okres przetwarzania danych osobowych<\/b><\/span><\/span><\/p><p><span style=\"font-family: Times New Roman, serif;\"><span style=\"font-size: medium;\">Dane osobowe U\u017cytkownik\u00f3w b\u0119d\u0105 przetwarzane przez okres:<\/span><\/span><\/p><ul><li><p><span style=\"font-family: Times New Roman, serif;\"><span style=\"font-size: medium;\">gdy podstaw\u0105 przetwarzania danych jest wykonanie umowy \u2013 do momentu przedawnienia roszcze\u0144 po jej wykonaniu,<\/span><\/span><\/p><\/li><li><p><span style=\"font-family: Times New Roman, serif;\"><span style=\"font-size: medium;\">gdy podstaw\u0105 przetwarzania danych jest zgoda \u2013 do momentu jej odwo\u0142ania, a\u00a0po odwo\u0142aniu zgody do przedawnienia roszcze\u0144.<\/span><\/span><\/p><\/li><\/ul><p><span style=\"font-family: Times New Roman, serif;\"><span style=\"font-size: medium;\">W obu przypadkach termin przedawnienia wynosi 6 lat, a\u00a0dla roszcze\u0144 o\u00a0\u015bwiadczenia okresowe i roszcze\u0144 dotycz\u0105cych\u00a0prowadzenia dzia\u0142alno\u015bci gospodarczej \u2013 3 lata (je\u015bli przepis szczeg\u00f3lny nie stanowi inaczej).<\/span><\/span><\/p><p><span style=\"font-family: Times New Roman, serif;\"><span style=\"font-size: medium;\"><b>VI. Udost\u0119pnianie danych osobowych<\/b><\/span><\/span><\/p><ol><li><p><span style=\"font-family: Times New Roman, serif;\"><span style=\"font-size: medium;\">Dane osobowe U\u017cytkownik\u00f3w mog\u0105 by\u0107 przekazywane: podmiotom powi\u0105zanym z Administratorem, jego podwykonawcom, podmiotom wsp\u00f3\u0142pracuj\u0105cym z Administratorem np. firmom obs\u0142uguj\u0105cym e-p\u0142atno\u015bci, firmom \u015bwiadcz\u0105cym us\u0142ugi kurierskie\/pocztowe, kancelariom prawnym.<\/span><\/span><\/p><\/li><li><p><span style=\"font-family: Times New Roman, serif;\"><span style=\"font-size: medium;\">Dane osobowe U\u017cytkownik\u00f3w nie b\u0119d\u0105 przekazywane poza teren Europejskiego Obszaru Gospodarczego (EOG).<\/span><\/span><\/p><\/li><\/ol><p><span style=\"font-family: Times New Roman, serif;\"><span style=\"font-size: medium;\"><b>VII. Prawa U\u017cytkownik\u00f3w<\/b><\/span><\/span><\/p><ol><li><p><span style=\"font-family: Times New Roman, serif;\"><span style=\"font-size: medium;\">U\u017cytkownik Serwisu ma prawo do: dost\u0119pu do tre\u015bci swoich danych osobowych, ich sprostowania, usuni\u0119cia, ograniczenia przetwarzania, przenoszenia, wniesienia sprzeciwu wobec przetwarzania, cofni\u0119cia zgody w ka\u017cdej chwili (co nie ma\u00a0wp\u0142ywu na zgodno\u015b\u0107 z prawem przetwarzania dokonanego w oparciu o zgod\u0119 przed jej cofni\u0119ciem).<\/span><\/span><\/p><\/li><li><p><span style=\"font-family: Times New Roman, serif;\"><span style=\"font-size: medium;\">Zg\u0142oszenie o wyst\u0105pieniu przez U\u017cytkownika z\u00a0uprawnieniem wynikaj\u0105cym z\u00a0wymienionych praw nale\u017cy przes\u0142a\u0107 na adres colorido.sklep@gmail.com<\/span><\/span><\/p><\/li><li><p><span style=\"font-family: Times New Roman, serif;\"><span style=\"font-size: medium;\">Administrator spe\u0142nia lub odmawia\u00a0spe\u0142nienia \u017c\u0105dania\u00a0niezw\u0142ocznie \u2013 maksymalnie w ci\u0105gu miesi\u0105ca od jego otrzymania.<\/span><\/span><\/p><\/li><li><p><span style=\"font-family: Times New Roman, serif;\"><span style=\"font-size: medium;\">U\u017cytkownik ma prawo z\u0142o\u017cy\u0107 skarg\u0119 do Prezesa Urz\u0119du Ochrony Danych Osobowych, je\u015bli uzna, \u017ce przetwarzanie narusza jego prawa i wolno\u015bci (RODO).<\/span><\/span><\/p><\/li><\/ol><p><span style=\"font-family: Times New Roman, serif;\"><span style=\"font-size: medium;\"><b>VIII. Pliki cookies<\/b><\/span><\/span><\/p><ol><li><p><span style=\"font-family: Times New Roman, serif;\"><span style=\"font-size: medium;\">Serwis zbiera informacje za pomoc\u0105 plik\u00f3w cookies \u2013 sesyjnych, sta\u0142ych i podmiot\u00f3w zewn\u0119trznych.<\/span><\/span><\/p><\/li><li><p><span style=\"font-family: Times New Roman, serif;\"><span style=\"font-size: medium;\">Zbieranie plik\u00f3w cookies wspiera poprawne \u015bwiadczenie us\u0142ug w Serwisie i s\u0142u\u017cy celom statystycznym.<\/span><\/span><\/p><\/li><li><p><span style=\"font-family: Times New Roman, serif;\"><span style=\"font-size: medium;\">U\u017cytkownik mo\u017ce okre\u015bli\u0107 zakres dost\u0119pu plik\u00f3w cookies do swojego urz\u0105dzenia w ustawieniach przegl\u0105darki.<\/span><\/span><\/p><\/li><\/ol><p><span style=\"font-family: Times New Roman, serif;\"><span style=\"font-size: medium;\"><b>IX. Zautomatyzowane podejmowanie decyzji i profilowanie<\/b><\/span><\/span><\/p><ol><li><p><span style=\"font-family: Times New Roman, serif;\"><span style=\"font-size: medium;\">Dane U\u017cytkownik\u00f3w nie mog\u0105 by\u0107\u00a0przetwarzane w zautomatyzowany spos\u00f3b tak, \u017ce na skutek tego mog\u0142yby zapa\u015b\u0107 wobec nich jakiekolwiek decyzje.<\/span><\/span><\/p><\/li><li><p><span style=\"font-family: Times New Roman, serif;\"><span style=\"font-size: medium;\">Dane U\u017cytkownik\u00f3w mog\u0105 by\u0107 profilowane celem dostosowania tre\u015bci i personalizacji oferty po wyra\u017ceniu przez nich zgody.<\/span><\/span><\/p><\/li><\/ol><p><span style=\"font-family: Times New Roman, serif;\"><span style=\"font-size: medium;\"><b>X. Postanowienia ko\u0144cowe<\/b><\/span><\/span><\/p><ol><li><p><span style=\"font-family: Times New Roman, serif;\"><span style=\"font-size: medium;\">Administrator ma prawo do wprowadzenia zmian w Polityce prywatno\u015bci, przy czym prawa U\u017cytkownik\u00f3w nie zostan\u0105 ograniczone.<\/span><\/span><\/p><\/li><li><p><span style=\"font-family: Times New Roman, serif;\"><span style=\"font-size: medium;\">Informacja o wprowadzonych zmianach pojawi si\u0119 w formie komunikatu dost\u0119pnego w Serwisie.<\/span><\/span><\/p><\/li><li><p><span style=\"font-family: Times New Roman, serif;\"><span style=\"font-size: medium;\">W sprawach nieuregulowanych w niniejszej Polityce prywatno\u015bci obowi\u0105zuj\u0105 przepisy RODO i przepisy prawa polskiego.<\/span><\/span><\/p><\/li><\/ol>\t\t\t\t\t\t\t\t<\/div>\n\t\t\t\t<\/div>\n\t\t\t\t\t<\/div>\n\t\t<\/div>\n\t\t\t\t\t<\/div>\n\t\t<\/section>\n\t\t\t\t<\/div>","protected":false},"excerpt":{"rendered":"<p>Polityka prywatno\u015bci sklepu COLORIDO.SKLEP.PL I. Postanowienia og\u00f3lne Polityka prywatno\u015bci okre\u015bla, jak zbierane, przetwarzane i przechowywane s\u0105 dane osobowe U\u017cytkownik\u00f3w niezb\u0119dne do \u015bwiadczenia us\u0142ug drog\u0105 elektroniczn\u0105 za po\u015brednictwem serwisu internetowego colorido-shop.com (dalej: Serwis). Serwis zbiera wy\u0142\u0105cznie dane osobowe niezb\u0119dne do \u015bwiadczenia i rozwoju us\u0142ug w nim oferowanych. Dane osobowe zbierane za po\u015brednictwem Serwisu s\u0105 przetwarzane zgodnie &hellip;<\/p>\n<p class=\"read-more\"> <a class=\"\" href=\"https:\/\/colorido.sklep.pl\/en\/polityka-prywatnosci-2\/\"> <span class=\"screen-reader-text\">Polityka prywatno\u015bci<\/span> Read More &raquo;<\/a><\/p>","protected":false},"author":2,"featured_media":0,"parent":0,"menu_order":0,"comment_status":"closed","ping_status":"closed","template":"elementor_header_footer","meta":{"site-sidebar-layout":"no-sidebar","site-content-layout":"page-builder","ast-global-header-display":"","ast-banner-title-visibility":"","ast-main-header-display":"","ast-hfb-above-header-display":"","ast-hfb-below-header-display":"","ast-hfb-mobile-header-display":"","site-post-title":"disabled","ast-breadcrumbs-content":"","ast-featured-img":"disabled","footer-sml-layout":"","theme-transparent-header-meta":"","adv-header-id-meta":"","stick-header-meta":"","header-above-stick-meta":"","header-main-stick-meta":"","header-below-stick-meta":"","two_page_speed":{"previous_score":{"desktop_score":89,"desktop_tti":"1.1\u00a0","mobile_score":69,"mobile_tti":"5.4\u00a0","date":"10.08.2023 11:13:19 am","status":"completed"},"current_score":{"desktop_score":95,"desktop_tti":"1.3\u00a0","mobile_score":80,"mobile_tti":"4.7\u00a0","date":"13.12.2023 11:13:56 pm","status":"completed"}},"footnotes":""},"class_list":["post-479","page","type-page","status-publish","hentry"],"_links":{"self":[{"href":"https:\/\/colorido.sklep.pl\/en\/wp-json\/wp\/v2\/pages\/479","targetHints":{"allow":["GET"]}}],"collection":[{"href":"https:\/\/colorido.sklep.pl\/en\/wp-json\/wp\/v2\/pages"}],"about":[{"href":"https:\/\/colorido.sklep.pl\/en\/wp-json\/wp\/v2\/types\/page"}],"author":[{"embeddable":true,"href":"https:\/\/colorido.sklep.pl\/en\/wp-json\/wp\/v2\/users\/2"}],"replies":[{"embeddable":true,"href":"https:\/\/colorido.sklep.pl\/en\/wp-json\/wp\/v2\/comments?post=479"}],"version-history":[{"count":7,"href":"https:\/\/colorido.sklep.pl\/en\/wp-json\/wp\/v2\/pages\/479\/revisions"}],"predecessor-version":[{"id":590,"href":"https:\/\/colorido.sklep.pl\/en\/wp-json\/wp\/v2\/pages\/479\/revisions\/590"}],"wp:attachment":[{"href":"https:\/\/colorido.sklep.pl\/en\/wp-json\/wp\/v2\/media?parent=479"}],"curies":[{"name":"wp","href":"https:\/\/api.w.org\/{rel}","templated":true}]}}